{"id":761,"date":"2021-03-15T17:26:05","date_gmt":"2021-03-15T15:26:05","guid":{"rendered":"https:\/\/www.olidengrau.com\/celler-la-gutina"},"modified":"2021-09-15T18:06:11","modified_gmt":"2021-09-15T16:06:11","slug":"celler-la-gutina","status":"publish","type":"page","link":"https:\/\/www.olidengrau.com\/de\/celler-la-gutina","title":{"rendered":"celler La Gutina"},"content":{"rendered":"<h2 class=\"wp-block-heading\">Weine und Landschaft<\/h2><figure class=\"wp-block-image size-full\"><img loading=\"lazy\" decoding=\"async\" width=\"2000\" height=\"847\" src=\"https:\/\/www.olidengrau.com\/wp-content\/uploads\/2021\/03\/vinyes-la-gutina.jpg\" alt=\"\" class=\"wp-image-771\" srcset=\"https:\/\/www.olidengrau.com\/wp-content\/uploads\/2021\/03\/vinyes-la-gutina.jpg 2000w, https:\/\/www.olidengrau.com\/wp-content\/uploads\/2021\/03\/vinyes-la-gutina-900x381.jpg 900w, https:\/\/www.olidengrau.com\/wp-content\/uploads\/2021\/03\/vinyes-la-gutina-300x127.jpg 300w, https:\/\/www.olidengrau.com\/wp-content\/uploads\/2021\/03\/vinyes-la-gutina-1024x434.jpg 1024w, https:\/\/www.olidengrau.com\/wp-content\/uploads\/2021\/03\/vinyes-la-gutina-768x325.jpg 768w, https:\/\/www.olidengrau.com\/wp-content\/uploads\/2021\/03\/vinyes-la-gutina-1536x650.jpg 1536w\" sizes=\"auto, (max-width: 2000px) 100vw, 2000px\" \/><\/figure><p class=\"has-medium-font-size\"><strong><strong>L\u2019oli d\u2019en Grau <\/strong><\/strong>ist ein Produkt von <strong><strong>La Gutina<\/strong><\/strong><\/p><hr class=\"wp-block-separator is-style-wide\"\/><div class=\"wp-block-columns foto-dreta is-layout-flex wp-container-core-columns-is-layout-1 wp-block-columns-is-layout-flex\"><div class=\"wp-block-column is-layout-flow wp-block-column-is-layout-flow\"><p><strong>La Gutina<\/strong>, das sind Barbara, Joan Carles und seine Familie. Wir sind Weinbauern mit Agrartourismus auf einer Finca von 80 Hektar, die im Gebiet <strong>Aspres de la serra<\/strong> von l\u2019<strong>Albera<\/strong> liegt.&#13;\nEine Gegend inmitten typisch mediterraner Landschaft voll von Weinbergen, Feldern, Olivenhainen und Korkeichenw\u00e4ldern mit Granitfelsen, Dolmen, Menhire und nat\u00fcrlichen Teichen gesch\u00fctzt durch die Xarxa Natura 2000.&#13;\n<\/p>\n\n<div class=\"wp-block-buttons btn-full is-layout-flex wp-block-buttons-is-layout-flex\"><div class=\"wp-block-button\"><a class=\"wp-block-button__link no-border-radius\" href=\"http:\/\/cellerlagutina.com\/en\/la-finca\/\" target=\"_blank\" rel=\"noreferrer noopener\">Entdecke unser weingut<\/a><\/div><\/div><\/div>\n\n<div class=\"wp-block-column is-layout-flow wp-block-column-is-layout-flow\"><figure class=\"wp-block-image size-large\"><img loading=\"lazy\" decoding=\"async\" width=\"1024\" height=\"434\" src=\"https:\/\/www.olidengrau.com\/wp-content\/uploads\/2021\/03\/verema-1024x434.jpg\" alt=\"\" class=\"wp-image-774\" srcset=\"https:\/\/www.olidengrau.com\/wp-content\/uploads\/2021\/03\/verema-1024x434.jpg 1024w, https:\/\/www.olidengrau.com\/wp-content\/uploads\/2021\/03\/verema-900x381.jpg 900w, https:\/\/www.olidengrau.com\/wp-content\/uploads\/2021\/03\/verema-300x127.jpg 300w, https:\/\/www.olidengrau.com\/wp-content\/uploads\/2021\/03\/verema-768x325.jpg 768w, https:\/\/www.olidengrau.com\/wp-content\/uploads\/2021\/03\/verema-1536x650.jpg 1536w, https:\/\/www.olidengrau.com\/wp-content\/uploads\/2021\/03\/verema.jpg 2000w\" sizes=\"auto, (max-width: 1024px) 100vw, 1024px\" \/><\/figure><\/div><\/div><hr class=\"wp-block-separator is-style-wide\"\/><div class=\"wp-block-columns is-layout-flex wp-container-core-columns-is-layout-2 wp-block-columns-is-layout-flex\"><div class=\"wp-block-column is-layout-flow wp-block-column-is-layout-flow\"><figure class=\"wp-block-image size-large\"><img loading=\"lazy\" decoding=\"async\" width=\"1024\" height=\"434\" src=\"https:\/\/www.olidengrau.com\/wp-content\/uploads\/2021\/03\/vinas-trabajo-manual-vino-ecologico-celler-can-torres-1024x434.jpg\" alt=\"\" class=\"wp-image-773\" srcset=\"https:\/\/www.olidengrau.com\/wp-content\/uploads\/2021\/03\/vinas-trabajo-manual-vino-ecologico-celler-can-torres-1024x434.jpg 1024w, https:\/\/www.olidengrau.com\/wp-content\/uploads\/2021\/03\/vinas-trabajo-manual-vino-ecologico-celler-can-torres-900x381.jpg 900w, https:\/\/www.olidengrau.com\/wp-content\/uploads\/2021\/03\/vinas-trabajo-manual-vino-ecologico-celler-can-torres-300x127.jpg 300w, https:\/\/www.olidengrau.com\/wp-content\/uploads\/2021\/03\/vinas-trabajo-manual-vino-ecologico-celler-can-torres-768x325.jpg 768w, https:\/\/www.olidengrau.com\/wp-content\/uploads\/2021\/03\/vinas-trabajo-manual-vino-ecologico-celler-can-torres-1536x650.jpg 1536w, https:\/\/www.olidengrau.com\/wp-content\/uploads\/2021\/03\/vinas-trabajo-manual-vino-ecologico-celler-can-torres.jpg 2000w\" sizes=\"auto, (max-width: 1024px) 100vw, 1024px\" \/><\/figure><\/div>\n\n<div class=\"wp-block-column is-layout-flow wp-block-column-is-layout-flow\"><p>Wir erhalten und sch\u00fctzen das Gebiet das wir vererbt bekamen. Wir k\u00fcmmern uns um die alten Weinst\u00f6cke, pflanzen Rebsorten auf kleinen Fl\u00e4chen f\u00fcr neue Projekte und erzeugen Weine mit dem Ziel das Weingut aufzuwerten und die Landschaft und Artenvielfalt zu verbessern.<\/p>\n\n<p>Wir bestellen die Weinreben der <strong>wei\u00dfen, roten und schwarzen Robe und stellen nat\u00fcrliche und biologisch zertifizierte Weine her<\/strong><strong>.<\/strong><\/p>\n\n<p>Au\u00dferdem arbeiten wir mit Natur- und Umweltschutzorganisationen zusammen, Landwirten und Vereinen zum Erhalt und Schutz des nat\u00fcrlichen Raumes, Kultivierung der Artenvielfalt und die Wiedergewinnung des landschaftlichen Erbgutes.<\/p>\n\n<div class=\"wp-block-buttons btn-full is-layout-flex wp-block-buttons-is-layout-flex\"><div class=\"wp-block-button\"><a class=\"wp-block-button__link no-border-radius\" href=\"http:\/\/cellerlagutina.com\/en\/el-celler\/\" target=\"_blank\" rel=\"noreferrer noopener\">Entdecke unsere weine<\/a><\/div><\/div><\/div><\/div><hr class=\"wp-block-separator is-style-wide\"\/><div class=\"wp-block-columns foto-dreta is-layout-flex wp-container-core-columns-is-layout-3 wp-block-columns-is-layout-flex\"><div class=\"wp-block-column is-layout-flow wp-block-column-is-layout-flow\"><p>Um uns und unsere Arbeit kennenzulernen haben wir ein kleines Haus restauriert um Agrartourismus anzubieten. Wir haben rund um das Gut einen Rundgang markiert, um spazieren zu gehen und wir organisieren touristische Aktivit\u00e4ten rund um den Wein, wie jetzt den Besuch unseres Weinkellers und eine Weinprobe.<\/p>\n\n<div class=\"wp-block-buttons btn-full is-layout-flex wp-block-buttons-is-layout-flex\"><div class=\"wp-block-button\"><a class=\"wp-block-button__link no-border-radius\" href=\"http:\/\/cellerlagutina.com\/en\/casa-rural-celler-la-gutina\/\" target=\"_blank\" rel=\"noreferrer noopener\">Entdecke unser g\u00e4stehaus<\/a><\/div><\/div><\/div>\n\n<div class=\"wp-block-column is-layout-flow wp-block-column-is-layout-flow\"><figure class=\"wp-block-image size-large\"><img loading=\"lazy\" decoding=\"async\" width=\"1024\" height=\"434\" src=\"https:\/\/www.olidengrau.com\/wp-content\/uploads\/2021\/03\/tranquilidad-turismo-rural-emporda-celler-can-torres-1024x434.jpg\" alt=\"\" class=\"wp-image-775\" srcset=\"https:\/\/www.olidengrau.com\/wp-content\/uploads\/2021\/03\/tranquilidad-turismo-rural-emporda-celler-can-torres-1024x434.jpg 1024w, https:\/\/www.olidengrau.com\/wp-content\/uploads\/2021\/03\/tranquilidad-turismo-rural-emporda-celler-can-torres-900x381.jpg 900w, https:\/\/www.olidengrau.com\/wp-content\/uploads\/2021\/03\/tranquilidad-turismo-rural-emporda-celler-can-torres-300x127.jpg 300w, https:\/\/www.olidengrau.com\/wp-content\/uploads\/2021\/03\/tranquilidad-turismo-rural-emporda-celler-can-torres-768x325.jpg 768w, https:\/\/www.olidengrau.com\/wp-content\/uploads\/2021\/03\/tranquilidad-turismo-rural-emporda-celler-can-torres-1536x650.jpg 1536w, https:\/\/www.olidengrau.com\/wp-content\/uploads\/2021\/03\/tranquilidad-turismo-rural-emporda-celler-can-torres.jpg 2000w\" sizes=\"auto, (max-width: 1024px) 100vw, 1024px\" \/><\/figure><\/div><\/div>","protected":false},"excerpt":{"rendered":"<p>Weine und Landschaft L\u2019oli d\u2019en Grau ist ein Produkt von La Gutina La Gutina, das sind Barbara, Joan Carles und seine Familie. Wir sind Weinbauern mit Agrartourismus auf einer Finca von 80 Hektar, die im Gebiet Aspres de la serra von l\u2019Albera liegt.&#13; Eine Gegend inmitten typisch mediterraner Landschaft voll von Weinbergen, Feldern, Olivenhainen und &#8230; <a title=\"celler La Gutina\" class=\"read-more\" href=\"https:\/\/www.olidengrau.com\/de\/celler-la-gutina\" aria-label=\"Mehr Informationen \u00fcber celler La Gutina\">Weiterlesen &#8230;<\/a><\/p>\n","protected":false},"author":2,"featured_media":768,"parent":0,"menu_order":0,"comment_status":"closed","ping_status":"closed","template":"","meta":{"_acf_changed":false,"footnotes":""},"class_list":["post-761","page","type-page","status-publish","has-post-thumbnail"],"acf":[],"yoast_head":"<!-- This site is optimized with the Yoast SEO plugin v26.6 - https:\/\/yoast.com\/wordpress\/plugins\/seo\/ -->\n<title>celler La Gutina - Oli d&#039;en Grau<\/title>\n<meta name=\"robots\" content=\"index, follow, max-snippet:-1, max-image-preview:large, max-video-preview:-1\" \/>\n<link rel=\"canonical\" href=\"https:\/\/www.olidengrau.com\/de\/celler-la-gutina\" \/>\n<meta property=\"og:locale\" content=\"de_DE\" \/>\n<meta property=\"og:type\" content=\"article\" \/>\n<meta property=\"og:title\" content=\"celler La Gutina - Oli d&#039;en Grau\" \/>\n<meta property=\"og:description\" content=\"Weine und Landschaft L\u2019oli d\u2019en Grau ist ein Produkt von La Gutina La Gutina, das sind Barbara, Joan Carles und seine Familie. Wir sind Weinbauern mit Agrartourismus auf einer Finca von 80 Hektar, die im Gebiet Aspres de la serra von l\u2019Albera liegt.&#013; Eine Gegend inmitten typisch mediterraner Landschaft voll von Weinbergen, Feldern, Olivenhainen und ... Weiterlesen ...\" \/>\n<meta property=\"og:url\" content=\"https:\/\/www.olidengrau.com\/de\/celler-la-gutina\" \/>\n<meta property=\"og:site_name\" content=\"Oli d&#039;en Grau\" \/>\n<meta property=\"article:modified_time\" content=\"2021-09-15T16:06:11+00:00\" \/>\n<meta property=\"og:image\" content=\"https:\/\/www.olidengrau.com\/wp-content\/uploads\/2021\/03\/vinas-viejas-winelover-vino-ecologico-celler-can-torres.jpg\" \/>\n\t<meta property=\"og:image:width\" content=\"2000\" \/>\n\t<meta property=\"og:image:height\" content=\"847\" \/>\n\t<meta property=\"og:image:type\" content=\"image\/jpeg\" \/>\n<meta name=\"twitter:card\" content=\"summary_large_image\" \/>\n<meta name=\"twitter:label1\" content=\"Gesch\u00e4tzte Lesezeit\" \/>\n\t<meta name=\"twitter:data1\" content=\"1\u00a0Minute\" \/>\n<script type=\"application\/ld+json\" class=\"yoast-schema-graph\">{\"@context\":\"https:\/\/schema.org\",\"@graph\":[{\"@type\":\"WebPage\",\"@id\":\"https:\/\/www.olidengrau.com\/de\/celler-la-gutina\",\"url\":\"https:\/\/www.olidengrau.com\/de\/celler-la-gutina\",\"name\":\"celler La Gutina - Oli d&#039;en Grau\",\"isPartOf\":{\"@id\":\"https:\/\/www.olidengrau.com\/de#website\"},\"primaryImageOfPage\":{\"@id\":\"https:\/\/www.olidengrau.com\/de\/celler-la-gutina#primaryimage\"},\"image\":{\"@id\":\"https:\/\/www.olidengrau.com\/de\/celler-la-gutina#primaryimage\"},\"thumbnailUrl\":\"https:\/\/www.olidengrau.com\/wp-content\/uploads\/2021\/03\/vinas-viejas-winelover-vino-ecologico-celler-can-torres.jpg\",\"datePublished\":\"2021-03-15T15:26:05+00:00\",\"dateModified\":\"2021-09-15T16:06:11+00:00\",\"breadcrumb\":{\"@id\":\"https:\/\/www.olidengrau.com\/de\/celler-la-gutina#breadcrumb\"},\"inLanguage\":\"de\",\"potentialAction\":[{\"@type\":\"ReadAction\",\"target\":[\"https:\/\/www.olidengrau.com\/de\/celler-la-gutina\"]}]},{\"@type\":\"ImageObject\",\"inLanguage\":\"de\",\"@id\":\"https:\/\/www.olidengrau.com\/de\/celler-la-gutina#primaryimage\",\"url\":\"https:\/\/www.olidengrau.com\/wp-content\/uploads\/2021\/03\/vinas-viejas-winelover-vino-ecologico-celler-can-torres.jpg\",\"contentUrl\":\"https:\/\/www.olidengrau.com\/wp-content\/uploads\/2021\/03\/vinas-viejas-winelover-vino-ecologico-celler-can-torres.jpg\",\"width\":2000,\"height\":847},{\"@type\":\"BreadcrumbList\",\"@id\":\"https:\/\/www.olidengrau.com\/de\/celler-la-gutina#breadcrumb\",\"itemListElement\":[{\"@type\":\"ListItem\",\"position\":1,\"name\":\"Inici\",\"item\":\"https:\/\/www.olidengrau.com\/de\"},{\"@type\":\"ListItem\",\"position\":2,\"name\":\"celler La Gutina\"}]},{\"@type\":\"WebSite\",\"@id\":\"https:\/\/www.olidengrau.com\/de#website\",\"url\":\"https:\/\/www.olidengrau.com\/de\",\"name\":\"Oli d&#039;en Grau\",\"description\":\"Oli d&#039;oliva verge extra ecol\u00f2gic\",\"publisher\":{\"@id\":\"https:\/\/www.olidengrau.com\/de#organization\"},\"potentialAction\":[{\"@type\":\"SearchAction\",\"target\":{\"@type\":\"EntryPoint\",\"urlTemplate\":\"https:\/\/www.olidengrau.com\/de?s={search_term_string}\"},\"query-input\":{\"@type\":\"PropertyValueSpecification\",\"valueRequired\":true,\"valueName\":\"search_term_string\"}}],\"inLanguage\":\"de\"},{\"@type\":\"Organization\",\"@id\":\"https:\/\/www.olidengrau.com\/de#organization\",\"name\":\"Oli d&#039;en Grau\",\"url\":\"https:\/\/www.olidengrau.com\/de\",\"logo\":{\"@type\":\"ImageObject\",\"inLanguage\":\"de\",\"@id\":\"https:\/\/www.olidengrau.com\/de#\/schema\/logo\/image\/\",\"url\":\"https:\/\/www.olidengrau.com\/wp-content\/uploads\/2021\/04\/Oli-den-grau.png\",\"contentUrl\":\"https:\/\/www.olidengrau.com\/wp-content\/uploads\/2021\/04\/Oli-den-grau.png\",\"width\":163,\"height\":25,\"caption\":\"Oli d&#039;en Grau\"},\"image\":{\"@id\":\"https:\/\/www.olidengrau.com\/de#\/schema\/logo\/image\/\"}}]}<\/script>\n<!-- \/ Yoast SEO plugin. -->","yoast_head_json":{"title":"celler La Gutina - Oli d&#039;en Grau","robots":{"index":"index","follow":"follow","max-snippet":"max-snippet:-1","max-image-preview":"max-image-preview:large","max-video-preview":"max-video-preview:-1"},"canonical":"https:\/\/www.olidengrau.com\/de\/celler-la-gutina","og_locale":"de_DE","og_type":"article","og_title":"celler La Gutina - Oli d&#039;en Grau","og_description":"Weine und Landschaft L\u2019oli d\u2019en Grau ist ein Produkt von La Gutina La Gutina, das sind Barbara, Joan Carles und seine Familie. Wir sind Weinbauern mit Agrartourismus auf einer Finca von 80 Hektar, die im Gebiet Aspres de la serra von l\u2019Albera liegt.&#13; Eine Gegend inmitten typisch mediterraner Landschaft voll von Weinbergen, Feldern, Olivenhainen und ... Weiterlesen ...","og_url":"https:\/\/www.olidengrau.com\/de\/celler-la-gutina","og_site_name":"Oli d&#039;en Grau","article_modified_time":"2021-09-15T16:06:11+00:00","og_image":[{"width":2000,"height":847,"url":"https:\/\/www.olidengrau.com\/wp-content\/uploads\/2021\/03\/vinas-viejas-winelover-vino-ecologico-celler-can-torres.jpg","type":"image\/jpeg"}],"twitter_card":"summary_large_image","twitter_misc":{"Gesch\u00e4tzte Lesezeit":"1\u00a0Minute"},"schema":{"@context":"https:\/\/schema.org","@graph":[{"@type":"WebPage","@id":"https:\/\/www.olidengrau.com\/de\/celler-la-gutina","url":"https:\/\/www.olidengrau.com\/de\/celler-la-gutina","name":"celler La Gutina - Oli d&#039;en Grau","isPartOf":{"@id":"https:\/\/www.olidengrau.com\/de#website"},"primaryImageOfPage":{"@id":"https:\/\/www.olidengrau.com\/de\/celler-la-gutina#primaryimage"},"image":{"@id":"https:\/\/www.olidengrau.com\/de\/celler-la-gutina#primaryimage"},"thumbnailUrl":"https:\/\/www.olidengrau.com\/wp-content\/uploads\/2021\/03\/vinas-viejas-winelover-vino-ecologico-celler-can-torres.jpg","datePublished":"2021-03-15T15:26:05+00:00","dateModified":"2021-09-15T16:06:11+00:00","breadcrumb":{"@id":"https:\/\/www.olidengrau.com\/de\/celler-la-gutina#breadcrumb"},"inLanguage":"de","potentialAction":[{"@type":"ReadAction","target":["https:\/\/www.olidengrau.com\/de\/celler-la-gutina"]}]},{"@type":"ImageObject","inLanguage":"de","@id":"https:\/\/www.olidengrau.com\/de\/celler-la-gutina#primaryimage","url":"https:\/\/www.olidengrau.com\/wp-content\/uploads\/2021\/03\/vinas-viejas-winelover-vino-ecologico-celler-can-torres.jpg","contentUrl":"https:\/\/www.olidengrau.com\/wp-content\/uploads\/2021\/03\/vinas-viejas-winelover-vino-ecologico-celler-can-torres.jpg","width":2000,"height":847},{"@type":"BreadcrumbList","@id":"https:\/\/www.olidengrau.com\/de\/celler-la-gutina#breadcrumb","itemListElement":[{"@type":"ListItem","position":1,"name":"Inici","item":"https:\/\/www.olidengrau.com\/de"},{"@type":"ListItem","position":2,"name":"celler La Gutina"}]},{"@type":"WebSite","@id":"https:\/\/www.olidengrau.com\/de#website","url":"https:\/\/www.olidengrau.com\/de","name":"Oli d&#039;en Grau","description":"Oli d&#039;oliva verge extra ecol\u00f2gic","publisher":{"@id":"https:\/\/www.olidengrau.com\/de#organization"},"potentialAction":[{"@type":"SearchAction","target":{"@type":"EntryPoint","urlTemplate":"https:\/\/www.olidengrau.com\/de?s={search_term_string}"},"query-input":{"@type":"PropertyValueSpecification","valueRequired":true,"valueName":"search_term_string"}}],"inLanguage":"de"},{"@type":"Organization","@id":"https:\/\/www.olidengrau.com\/de#organization","name":"Oli d&#039;en Grau","url":"https:\/\/www.olidengrau.com\/de","logo":{"@type":"ImageObject","inLanguage":"de","@id":"https:\/\/www.olidengrau.com\/de#\/schema\/logo\/image\/","url":"https:\/\/www.olidengrau.com\/wp-content\/uploads\/2021\/04\/Oli-den-grau.png","contentUrl":"https:\/\/www.olidengrau.com\/wp-content\/uploads\/2021\/04\/Oli-den-grau.png","width":163,"height":25,"caption":"Oli d&#039;en Grau"},"image":{"@id":"https:\/\/www.olidengrau.com\/de#\/schema\/logo\/image\/"}}]}},"_links":{"self":[{"href":"https:\/\/www.olidengrau.com\/de\/wp-json\/wp\/v2\/pages\/761","targetHints":{"allow":["GET"]}}],"collection":[{"href":"https:\/\/www.olidengrau.com\/de\/wp-json\/wp\/v2\/pages"}],"about":[{"href":"https:\/\/www.olidengrau.com\/de\/wp-json\/wp\/v2\/types\/page"}],"author":[{"embeddable":true,"href":"https:\/\/www.olidengrau.com\/de\/wp-json\/wp\/v2\/users\/2"}],"replies":[{"embeddable":true,"href":"https:\/\/www.olidengrau.com\/de\/wp-json\/wp\/v2\/comments?post=761"}],"version-history":[{"count":13,"href":"https:\/\/www.olidengrau.com\/de\/wp-json\/wp\/v2\/pages\/761\/revisions"}],"predecessor-version":[{"id":982,"href":"https:\/\/www.olidengrau.com\/de\/wp-json\/wp\/v2\/pages\/761\/revisions\/982"}],"wp:featuredmedia":[{"embeddable":true,"href":"https:\/\/www.olidengrau.com\/de\/wp-json\/wp\/v2\/media\/768"}],"wp:attachment":[{"href":"https:\/\/www.olidengrau.com\/de\/wp-json\/wp\/v2\/media?parent=761"}],"curies":[{"name":"wp","href":"https:\/\/api.w.org\/{rel}","templated":true}]}}