{"id":820,"date":"2021-03-15T17:25:40","date_gmt":"2021-03-15T16:25:40","guid":{"rendered":"https:\/\/www.olidengrau.com\/unser-projekt"},"modified":"2021-07-13T22:08:26","modified_gmt":"2021-07-13T20:08:26","slug":"unser-projekt","status":"publish","type":"page","link":"https:\/\/www.olidengrau.com\/de\/unser-projekt","title":{"rendered":"Unser Projekt"},"content":{"rendered":"<h2 class=\"wp-block-heading\">Wir pflegen unsere Erde und  stellen gutes und biologisches Oliven\u00f6l her!<\/h2><figure class=\"wp-block-image size-full\"><img loading=\"lazy\" decoding=\"async\" width=\"2000\" height=\"1130\" src=\"https:\/\/www.olidengrau.com\/wp-content\/uploads\/2021\/03\/oli-den-grau-oliveres-velles.jpg\" alt=\"\" class=\"wp-image-829\" srcset=\"https:\/\/www.olidengrau.com\/wp-content\/uploads\/2021\/03\/oli-den-grau-oliveres-velles.jpg 2000w, https:\/\/www.olidengrau.com\/wp-content\/uploads\/2021\/03\/oli-den-grau-oliveres-velles-900x509.jpg 900w, https:\/\/www.olidengrau.com\/wp-content\/uploads\/2021\/03\/oli-den-grau-oliveres-velles-300x170.jpg 300w, https:\/\/www.olidengrau.com\/wp-content\/uploads\/2021\/03\/oli-den-grau-oliveres-velles-1024x579.jpg 1024w, https:\/\/www.olidengrau.com\/wp-content\/uploads\/2021\/03\/oli-den-grau-oliveres-velles-768x434.jpg 768w, https:\/\/www.olidengrau.com\/wp-content\/uploads\/2021\/03\/oli-den-grau-oliveres-velles-1536x868.jpg 1536w\" sizes=\"auto, (max-width: 2000px) 100vw, 2000px\" \/><\/figure><p class=\"has-medium-font-size\">Verliebt in das St\u00fcck Land, auf dem wir leben, l\u2019Albera, haben wir mit der Zeit Argudell-Olivenhaine erworben, Olivenb\u00e4ume die die Alten nach und nach nicht mehr bestellen konnten, mit dem Ziel sie wertzusch\u00e4tzen und ein Qualit\u00e4tsprodukt zu schaffen.<\/p><hr class=\"wp-block-separator is-style-wide\"\/><p>Einzigartige und alte Orte sind Zeugen von Arbeit und menschlicher Pr\u00e4senz, die mit der Zeit eine spektakul\u00e4re Landschaft schuf. Diese Olivenhaine repr\u00e4sentieren einen Wert und ein Erbe, von dem wir nicht wollen, dass es verloren geht.&#13;\nWir w\u00fcnschen uns, dass die l\u00e4ndliche Gegend nicht verlassen wird, wir wollen sie leben und beleben.&#13;\n<\/p><p><strong>Wir wollen den Wert des traditionellen Anbaus, des Trockenfeldbaus, des Lokalen, Menschlichen und Qualit\u00e4tsvollen zur\u00fcckerobern!<\/strong><\/p><hr class=\"wp-block-separator is-style-wide\"\/><div class=\"wp-block-columns is-layout-flex wp-container-core-columns-is-layout-1 wp-block-columns-is-layout-flex\"><div class=\"wp-block-column is-layout-flow wp-block-column-is-layout-flow\"><p class=\"has-medium-font-size\"><strong>L\u2019Oli d\u2019en Grau ist ein junges Familienprojekt.<\/strong><\/p>\n\n<p>Hier seht ihr Joan Carles, Gerard und Aitor: Vater und S\u00f6hne.<\/p>\n\n<p>Wir pflegen 6 Hektar alter Olivenb\u00e4ume, ein wesentlicher Bestandteil unserer Landschaft und der Familiengeschichte vieler Familien, die sie \u00fcber Generationen pflegten.<\/p>\n\n<p>Wir glauben an die <strong>Argudell-Olive, <\/strong>eine typische Olive des Empord\u00e0, und auf unserem Gut haben wir zus\u00e4tzlich\u00a0 3,5 Hektar junger Olivenb\u00e4ume dieser Art gepflanzt.<\/p>\n\n<p><em>Mit unserer Arbeit wollen wir eine einzigartige Mosaiklandschaft von Weinbergen, W\u00e4ldern und Olivenhainen sch\u00fctzen und bewahren.<\/em><\/p>\n\n<p><em>Wir wollen sie durch unseren nachhaltigen, respektvollen und biologischen Landbau wiederbeleben und so die Umwelt sch\u00fctzen und die Artenvielfalt erhalten.<\/em><\/p>\n\n<p><strong><em>Wir bieten euch bestes Biologisches Extra Natives Oliven\u00f6l !<\/em><\/strong><\/p>\n\n<div style=\"height:20px\" aria-hidden=\"true\" class=\"wp-block-spacer\"><\/div>\n\n<h5 class=\"wp-block-heading\">UNTERSCHEIDUNGSMERKMALE:<\/h5>\n\n<ul class=\"wp-block-list\"><li>Wir sind ein junger Familienbetrieb verbunden mit unserer Heimatgegend<\/li><li>Wir pflegen und sch\u00fctzen unsere Erde<\/li><li>Wir erhalten die heimische Olivensorte Argudell<\/li><li>Wir sch\u00e4tzen hochwertiges Oliven\u00f6l als handwerkliches Produkt<\/li><\/ul><\/div>\n\n<div class=\"wp-block-column is-layout-flow wp-block-column-is-layout-flow\"><figure class=\"wp-block-gallery columns-3 is-cropped wp-block-gallery-1 is-layout-flex wp-block-gallery-is-layout-flex\"><ul class=\"blocks-gallery-grid\"><li class=\"blocks-gallery-item\"><figure><img loading=\"lazy\" decoding=\"async\" width=\"800\" height=\"600\" src=\"https:\/\/www.olidengrau.com\/wp-content\/uploads\/2021\/03\/oli-den-grau-el-projecte-02.jpg\" alt=\"\" data-id=\"365\" data-full-url=\"https:\/\/www.olidengrau.com\/wp-content\/uploads\/2021\/03\/oli-den-grau-el-projecte-02.jpg\" data-link=\"https:\/\/www.olidengrau.com\/el-nostre-projecte\/oli-den-grau-el-projecte-02#main\" class=\"wp-image-830\" srcset=\"https:\/\/www.olidengrau.com\/wp-content\/uploads\/2021\/03\/oli-den-grau-el-projecte-02.jpg 800w, https:\/\/www.olidengrau.com\/wp-content\/uploads\/2021\/03\/oli-den-grau-el-projecte-02-300x225.jpg 300w, https:\/\/www.olidengrau.com\/wp-content\/uploads\/2021\/03\/oli-den-grau-el-projecte-02-768x576.jpg 768w, https:\/\/www.olidengrau.com\/wp-content\/uploads\/2021\/03\/oli-den-grau-el-projecte-02-600x450.jpg 600w\" sizes=\"auto, (max-width: 800px) 100vw, 800px\" \/><\/figure><\/li><li class=\"blocks-gallery-item\"><figure><img decoding=\"async\" src=\"https:\/\/www.olidengrau.com\/wp-content\/uploads\/2021\/04\/slider-aitor-gerard-1024x682.jpg\" alt=\"\" data-id=\"592\" data-full-url=\"https:\/\/www.olidengrau.com\/wp-content\/uploads\/2021\/04\/slider-aitor-gerard.jpg\" data-link=\"https:\/\/www.olidengrau.com\/slider-aitor-gerard\" class=\"wp-image-592\"\/><\/figure><\/li><li class=\"blocks-gallery-item\"><figure><img loading=\"lazy\" decoding=\"async\" width=\"800\" height=\"600\" src=\"https:\/\/www.olidengrau.com\/wp-content\/uploads\/2021\/03\/oli-den-grau-el-projecte-04.jpg\" alt=\"\" data-id=\"373\" data-full-url=\"https:\/\/www.olidengrau.com\/wp-content\/uploads\/2021\/03\/oli-den-grau-el-projecte-04.jpg\" data-link=\"https:\/\/www.olidengrau.com\/el-nostre-projecte\/oli-den-grau-el-projecte-04#main\" class=\"wp-image-831\" srcset=\"https:\/\/www.olidengrau.com\/wp-content\/uploads\/2021\/03\/oli-den-grau-el-projecte-04.jpg 800w, https:\/\/www.olidengrau.com\/wp-content\/uploads\/2021\/03\/oli-den-grau-el-projecte-04-300x225.jpg 300w, https:\/\/www.olidengrau.com\/wp-content\/uploads\/2021\/03\/oli-den-grau-el-projecte-04-768x576.jpg 768w, https:\/\/www.olidengrau.com\/wp-content\/uploads\/2021\/03\/oli-den-grau-el-projecte-04-600x450.jpg 600w\" sizes=\"auto, (max-width: 800px) 100vw, 800px\" \/><\/figure><\/li><li class=\"blocks-gallery-item\"><figure><img loading=\"lazy\" decoding=\"async\" width=\"800\" height=\"600\" src=\"https:\/\/www.olidengrau.com\/wp-content\/uploads\/2021\/03\/oli-den-grau-el-projecte-01.jpg\" alt=\"\" data-id=\"361\" data-full-url=\"https:\/\/www.olidengrau.com\/wp-content\/uploads\/2021\/03\/oli-den-grau-el-projecte-01.jpg\" data-link=\"https:\/\/www.olidengrau.com\/el-nostre-projecte\/oli-den-grau-el-projecte-01#main\" class=\"wp-image-832\" srcset=\"https:\/\/www.olidengrau.com\/wp-content\/uploads\/2021\/03\/oli-den-grau-el-projecte-01.jpg 800w, https:\/\/www.olidengrau.com\/wp-content\/uploads\/2021\/03\/oli-den-grau-el-projecte-01-300x225.jpg 300w, https:\/\/www.olidengrau.com\/wp-content\/uploads\/2021\/03\/oli-den-grau-el-projecte-01-768x576.jpg 768w, https:\/\/www.olidengrau.com\/wp-content\/uploads\/2021\/03\/oli-den-grau-el-projecte-01-600x450.jpg 600w\" sizes=\"auto, (max-width: 800px) 100vw, 800px\" \/><\/figure><\/li><\/ul><\/figure><\/div><\/div><hr class=\"wp-block-separator is-style-wide\"\/><figure class=\"wp-block-image size-full\"><img loading=\"lazy\" decoding=\"async\" width=\"2000\" height=\"922\" src=\"https:\/\/www.olidengrau.com\/wp-content\/uploads\/2021\/03\/oli-den-grau-oliveres-noves.jpg\" alt=\"\" class=\"wp-image-833\" srcset=\"https:\/\/www.olidengrau.com\/wp-content\/uploads\/2021\/03\/oli-den-grau-oliveres-noves.jpg 2000w, https:\/\/www.olidengrau.com\/wp-content\/uploads\/2021\/03\/oli-den-grau-oliveres-noves-900x415.jpg 900w, https:\/\/www.olidengrau.com\/wp-content\/uploads\/2021\/03\/oli-den-grau-oliveres-noves-300x138.jpg 300w, https:\/\/www.olidengrau.com\/wp-content\/uploads\/2021\/03\/oli-den-grau-oliveres-noves-1024x472.jpg 1024w, https:\/\/www.olidengrau.com\/wp-content\/uploads\/2021\/03\/oli-den-grau-oliveres-noves-768x354.jpg 768w, https:\/\/www.olidengrau.com\/wp-content\/uploads\/2021\/03\/oli-den-grau-oliveres-noves-1536x708.jpg 1536w\" sizes=\"auto, (max-width: 2000px) 100vw, 2000px\" \/><\/figure>","protected":false},"excerpt":{"rendered":"<p>Wir pflegen unsere Erde und stellen gutes und biologisches Oliven\u00f6l her! Verliebt in das St\u00fcck Land, auf dem wir leben, l\u2019Albera, haben wir mit der Zeit Argudell-Olivenhaine erworben, Olivenb\u00e4ume die die Alten nach und nach nicht mehr bestellen konnten, mit dem Ziel sie wertzusch\u00e4tzen und ein Qualit\u00e4tsprodukt zu schaffen. Einzigartige und alte Orte sind Zeugen &#8230; <a title=\"Unser Projekt\" class=\"read-more\" href=\"https:\/\/www.olidengrau.com\/de\/unser-projekt\" aria-label=\"Mehr Informationen \u00fcber Unser Projekt\">Weiterlesen &#8230;<\/a><\/p>\n","protected":false},"author":2,"featured_media":827,"parent":0,"menu_order":0,"comment_status":"closed","ping_status":"closed","template":"","meta":{"_acf_changed":false,"footnotes":""},"class_list":["post-820","page","type-page","status-publish","has-post-thumbnail"],"acf":[],"yoast_head":"<!-- This site is optimized with the Yoast SEO plugin v26.6 - https:\/\/yoast.com\/wordpress\/plugins\/seo\/ -->\n<title>Unser Projekt - Oli d&#039;en Grau<\/title>\n<meta name=\"robots\" content=\"index, follow, max-snippet:-1, max-image-preview:large, max-video-preview:-1\" \/>\n<link rel=\"canonical\" href=\"https:\/\/www.olidengrau.com\/de\/unser-projekt\" \/>\n<meta property=\"og:locale\" content=\"de_DE\" \/>\n<meta property=\"og:type\" content=\"article\" \/>\n<meta property=\"og:title\" content=\"Unser Projekt - Oli d&#039;en Grau\" \/>\n<meta property=\"og:description\" content=\"Wir pflegen unsere Erde und stellen gutes und biologisches Oliven\u00f6l her! Verliebt in das St\u00fcck Land, auf dem wir leben, l\u2019Albera, haben wir mit der Zeit Argudell-Olivenhaine erworben, Olivenb\u00e4ume die die Alten nach und nach nicht mehr bestellen konnten, mit dem Ziel sie wertzusch\u00e4tzen und ein Qualit\u00e4tsprodukt zu schaffen. Einzigartige und alte Orte sind Zeugen ... Weiterlesen ...\" \/>\n<meta property=\"og:url\" content=\"https:\/\/www.olidengrau.com\/de\/unser-projekt\" \/>\n<meta property=\"og:site_name\" content=\"Oli d&#039;en Grau\" \/>\n<meta property=\"article:modified_time\" content=\"2021-07-13T20:08:26+00:00\" \/>\n<meta property=\"og:image\" content=\"https:\/\/www.olidengrau.com\/wp-content\/uploads\/2021\/04\/slider-olives-verdes.jpg\" \/>\n\t<meta property=\"og:image:width\" content=\"2000\" \/>\n\t<meta property=\"og:image:height\" content=\"836\" \/>\n\t<meta property=\"og:image:type\" content=\"image\/jpeg\" \/>\n<meta name=\"twitter:card\" content=\"summary_large_image\" \/>\n<meta name=\"twitter:label1\" content=\"Gesch\u00e4tzte Lesezeit\" \/>\n\t<meta name=\"twitter:data1\" content=\"1\u00a0Minute\" \/>\n<script type=\"application\/ld+json\" class=\"yoast-schema-graph\">{\"@context\":\"https:\/\/schema.org\",\"@graph\":[{\"@type\":\"WebPage\",\"@id\":\"https:\/\/www.olidengrau.com\/de\/unser-projekt\",\"url\":\"https:\/\/www.olidengrau.com\/de\/unser-projekt\",\"name\":\"Unser Projekt - Oli d&#039;en Grau\",\"isPartOf\":{\"@id\":\"https:\/\/www.olidengrau.com\/de#website\"},\"primaryImageOfPage\":{\"@id\":\"https:\/\/www.olidengrau.com\/de\/unser-projekt#primaryimage\"},\"image\":{\"@id\":\"https:\/\/www.olidengrau.com\/de\/unser-projekt#primaryimage\"},\"thumbnailUrl\":\"https:\/\/www.olidengrau.com\/wp-content\/uploads\/2021\/04\/slider-olives-verdes.jpg\",\"datePublished\":\"2021-03-15T16:25:40+00:00\",\"dateModified\":\"2021-07-13T20:08:26+00:00\",\"breadcrumb\":{\"@id\":\"https:\/\/www.olidengrau.com\/de\/unser-projekt#breadcrumb\"},\"inLanguage\":\"de\",\"potentialAction\":[{\"@type\":\"ReadAction\",\"target\":[\"https:\/\/www.olidengrau.com\/de\/unser-projekt\"]}]},{\"@type\":\"ImageObject\",\"inLanguage\":\"de\",\"@id\":\"https:\/\/www.olidengrau.com\/de\/unser-projekt#primaryimage\",\"url\":\"https:\/\/www.olidengrau.com\/wp-content\/uploads\/2021\/04\/slider-olives-verdes.jpg\",\"contentUrl\":\"https:\/\/www.olidengrau.com\/wp-content\/uploads\/2021\/04\/slider-olives-verdes.jpg\",\"width\":2000,\"height\":836},{\"@type\":\"BreadcrumbList\",\"@id\":\"https:\/\/www.olidengrau.com\/de\/unser-projekt#breadcrumb\",\"itemListElement\":[{\"@type\":\"ListItem\",\"position\":1,\"name\":\"Inici\",\"item\":\"https:\/\/www.olidengrau.com\/de\"},{\"@type\":\"ListItem\",\"position\":2,\"name\":\"Unser Projekt\"}]},{\"@type\":\"WebSite\",\"@id\":\"https:\/\/www.olidengrau.com\/de#website\",\"url\":\"https:\/\/www.olidengrau.com\/de\",\"name\":\"Oli d&#039;en Grau\",\"description\":\"Oli d&#039;oliva verge extra ecol\u00f2gic\",\"publisher\":{\"@id\":\"https:\/\/www.olidengrau.com\/de#organization\"},\"potentialAction\":[{\"@type\":\"SearchAction\",\"target\":{\"@type\":\"EntryPoint\",\"urlTemplate\":\"https:\/\/www.olidengrau.com\/de?s={search_term_string}\"},\"query-input\":{\"@type\":\"PropertyValueSpecification\",\"valueRequired\":true,\"valueName\":\"search_term_string\"}}],\"inLanguage\":\"de\"},{\"@type\":\"Organization\",\"@id\":\"https:\/\/www.olidengrau.com\/de#organization\",\"name\":\"Oli d&#039;en Grau\",\"url\":\"https:\/\/www.olidengrau.com\/de\",\"logo\":{\"@type\":\"ImageObject\",\"inLanguage\":\"de\",\"@id\":\"https:\/\/www.olidengrau.com\/de#\/schema\/logo\/image\/\",\"url\":\"https:\/\/www.olidengrau.com\/wp-content\/uploads\/2021\/04\/Oli-den-grau.png\",\"contentUrl\":\"https:\/\/www.olidengrau.com\/wp-content\/uploads\/2021\/04\/Oli-den-grau.png\",\"width\":163,\"height\":25,\"caption\":\"Oli d&#039;en Grau\"},\"image\":{\"@id\":\"https:\/\/www.olidengrau.com\/de#\/schema\/logo\/image\/\"}}]}<\/script>\n<!-- \/ Yoast SEO plugin. -->","yoast_head_json":{"title":"Unser Projekt - Oli d&#039;en Grau","robots":{"index":"index","follow":"follow","max-snippet":"max-snippet:-1","max-image-preview":"max-image-preview:large","max-video-preview":"max-video-preview:-1"},"canonical":"https:\/\/www.olidengrau.com\/de\/unser-projekt","og_locale":"de_DE","og_type":"article","og_title":"Unser Projekt - Oli d&#039;en Grau","og_description":"Wir pflegen unsere Erde und stellen gutes und biologisches Oliven\u00f6l her! Verliebt in das St\u00fcck Land, auf dem wir leben, l\u2019Albera, haben wir mit der Zeit Argudell-Olivenhaine erworben, Olivenb\u00e4ume die die Alten nach und nach nicht mehr bestellen konnten, mit dem Ziel sie wertzusch\u00e4tzen und ein Qualit\u00e4tsprodukt zu schaffen. Einzigartige und alte Orte sind Zeugen ... Weiterlesen ...","og_url":"https:\/\/www.olidengrau.com\/de\/unser-projekt","og_site_name":"Oli d&#039;en Grau","article_modified_time":"2021-07-13T20:08:26+00:00","og_image":[{"width":2000,"height":836,"url":"https:\/\/www.olidengrau.com\/wp-content\/uploads\/2021\/04\/slider-olives-verdes.jpg","type":"image\/jpeg"}],"twitter_card":"summary_large_image","twitter_misc":{"Gesch\u00e4tzte Lesezeit":"1\u00a0Minute"},"schema":{"@context":"https:\/\/schema.org","@graph":[{"@type":"WebPage","@id":"https:\/\/www.olidengrau.com\/de\/unser-projekt","url":"https:\/\/www.olidengrau.com\/de\/unser-projekt","name":"Unser Projekt - Oli d&#039;en Grau","isPartOf":{"@id":"https:\/\/www.olidengrau.com\/de#website"},"primaryImageOfPage":{"@id":"https:\/\/www.olidengrau.com\/de\/unser-projekt#primaryimage"},"image":{"@id":"https:\/\/www.olidengrau.com\/de\/unser-projekt#primaryimage"},"thumbnailUrl":"https:\/\/www.olidengrau.com\/wp-content\/uploads\/2021\/04\/slider-olives-verdes.jpg","datePublished":"2021-03-15T16:25:40+00:00","dateModified":"2021-07-13T20:08:26+00:00","breadcrumb":{"@id":"https:\/\/www.olidengrau.com\/de\/unser-projekt#breadcrumb"},"inLanguage":"de","potentialAction":[{"@type":"ReadAction","target":["https:\/\/www.olidengrau.com\/de\/unser-projekt"]}]},{"@type":"ImageObject","inLanguage":"de","@id":"https:\/\/www.olidengrau.com\/de\/unser-projekt#primaryimage","url":"https:\/\/www.olidengrau.com\/wp-content\/uploads\/2021\/04\/slider-olives-verdes.jpg","contentUrl":"https:\/\/www.olidengrau.com\/wp-content\/uploads\/2021\/04\/slider-olives-verdes.jpg","width":2000,"height":836},{"@type":"BreadcrumbList","@id":"https:\/\/www.olidengrau.com\/de\/unser-projekt#breadcrumb","itemListElement":[{"@type":"ListItem","position":1,"name":"Inici","item":"https:\/\/www.olidengrau.com\/de"},{"@type":"ListItem","position":2,"name":"Unser Projekt"}]},{"@type":"WebSite","@id":"https:\/\/www.olidengrau.com\/de#website","url":"https:\/\/www.olidengrau.com\/de","name":"Oli d&#039;en Grau","description":"Oli d&#039;oliva verge extra ecol\u00f2gic","publisher":{"@id":"https:\/\/www.olidengrau.com\/de#organization"},"potentialAction":[{"@type":"SearchAction","target":{"@type":"EntryPoint","urlTemplate":"https:\/\/www.olidengrau.com\/de?s={search_term_string}"},"query-input":{"@type":"PropertyValueSpecification","valueRequired":true,"valueName":"search_term_string"}}],"inLanguage":"de"},{"@type":"Organization","@id":"https:\/\/www.olidengrau.com\/de#organization","name":"Oli d&#039;en Grau","url":"https:\/\/www.olidengrau.com\/de","logo":{"@type":"ImageObject","inLanguage":"de","@id":"https:\/\/www.olidengrau.com\/de#\/schema\/logo\/image\/","url":"https:\/\/www.olidengrau.com\/wp-content\/uploads\/2021\/04\/Oli-den-grau.png","contentUrl":"https:\/\/www.olidengrau.com\/wp-content\/uploads\/2021\/04\/Oli-den-grau.png","width":163,"height":25,"caption":"Oli d&#039;en Grau"},"image":{"@id":"https:\/\/www.olidengrau.com\/de#\/schema\/logo\/image\/"}}]}},"_links":{"self":[{"href":"https:\/\/www.olidengrau.com\/de\/wp-json\/wp\/v2\/pages\/820","targetHints":{"allow":["GET"]}}],"collection":[{"href":"https:\/\/www.olidengrau.com\/de\/wp-json\/wp\/v2\/pages"}],"about":[{"href":"https:\/\/www.olidengrau.com\/de\/wp-json\/wp\/v2\/types\/page"}],"author":[{"embeddable":true,"href":"https:\/\/www.olidengrau.com\/de\/wp-json\/wp\/v2\/users\/2"}],"replies":[{"embeddable":true,"href":"https:\/\/www.olidengrau.com\/de\/wp-json\/wp\/v2\/comments?post=820"}],"version-history":[{"count":3,"href":"https:\/\/www.olidengrau.com\/de\/wp-json\/wp\/v2\/pages\/820\/revisions"}],"predecessor-version":[{"id":837,"href":"https:\/\/www.olidengrau.com\/de\/wp-json\/wp\/v2\/pages\/820\/revisions\/837"}],"wp:featuredmedia":[{"embeddable":true,"href":"https:\/\/www.olidengrau.com\/de\/wp-json\/wp\/v2\/media\/827"}],"wp:attachment":[{"href":"https:\/\/www.olidengrau.com\/de\/wp-json\/wp\/v2\/media?parent=820"}],"curies":[{"name":"wp","href":"https:\/\/api.w.org\/{rel}","templated":true}]}}