{"id":877,"date":"2021-02-23T16:05:30","date_gmt":"2021-02-23T14:05:30","guid":{"rendered":"https:\/\/www.olidengrau.com\/comprar\/unkategorisiert\/oli-den-grau"},"modified":"2021-12-13T13:33:29","modified_gmt":"2021-12-13T11:33:29","slug":"oli-den-grau","status":"publish","type":"product","link":"https:\/\/www.olidengrau.com\/de\/comprar\/extra-natives-biologisches-olivenoel\/oli-den-grau","title":{"rendered":"Oli d&#8217;en Grau"},"content":{"rendered":"<h3>M\u00f6chtest du uns kennenlernen? <a href=\"https:\/\/www.olidengrau.com\/de\/celler-la-gutina\">Komm in unseren Weinkeller<\/a> und probier unser \u00d6l ! WIR HABEN DIREKTVERKAUF<\/h3>\n<h4>L\u2019Oli d\u2019en Grau ist ein Biologisches Extra Natives Argudell-Oliven\u00f6l.<\/h4>\n<p>Die Oliven stammen von alten Olivenb\u00e4umen, die wir pflegen. Sie liegen in der Umgebung der D\u00f6rfer Sant Climent Sescebes, Espolla, Rab\u00f3s und Peralada.<\/p>\n<div class=\"proces-producte\">\n<div class=\"text-proces col1\">\n<h5>HANDHABUNG<\/h5>\n<p>Wir praktizieren minimalinvasiven Anbau: Aufrechterhalten der Vegetationsdecke durch Roden der Felder.  Wir machen leichte Schneisen, wenn wir Dung verteilen (normalerweise von Schafen oder K\u00fchen extensiver Tierhaltung) oder wenn wir die Erde bel\u00fcften (aerifizieren) m\u00fcssen. Beim Beschneiden geht es um den Erhalt der offenen und der Sonne zugewandten B\u00e4ume, junges Holz zu regenerieren und altes Holz zu eliminieren.<\/p>\n<p>Wir benutzen Bordeauxbr\u00fche zum Schutz vor Mehltau und kontrollieren die wei\u00dfe Fliege mit einem Insektenbek\u00e4mpfungsmittel pflanzlicher Herkunft.<\/p>\n<h5>ERNTE<\/h5>\n<p>Die Ernte findet Anfang November statt, wenn die Oliven zum gr\u00f6\u00dften Teil noch gr\u00fcn sind. Wir ernten nur Oliven die noch am Baum sind. Wie fr\u00fcher legen wir Netze auf dem Boden aus. Damit die Oliven auf die Erde fallen, benutzen wir St\u00f6cke und batteriebetriebene Olivenr\u00fcttler.<\/p>\n<p>Wir bewahren die Oliven in 30kg-Kisten bis zur Weiterverarbeitung auf. Dies erfolgt alle zwei bis drei Tage.<\/p>\n<\/div>\n<div class=\"text-proces col2\">\n<h5>VERARBEITUNG<\/h5>\n<p>Wir geben unsere Oliven in die besten H\u00e4nde! Unser \u00d6l wird von Mas Aur\u00f3 de Esponell\u00e0 gepresst. Eine moderne \u00d6lm\u00fchle, mit vertikalen Knetwerken und einem 2-Phasen-Dekanter, um das \u00d6l zu trennen. Wir filtern nicht, sondern lassen es f\u00fcr einige Tage Ruhen, damit es sich absetzen kann, bevor wir es umf\u00fcllen, um es vom groben Trub zu trennen.<\/p>\n<h5>AUFBEWAHRUNG<\/h5>\n<p>Wir bewahren das \u00d6l in einem luftgesch\u00fctzten Edelstahlbeh\u00e4lter auf und f\u00fcllen es in Kanister ein, die das \u00d6l komplett vor Licht sch\u00fctzen und durch ihr geringes Gewicht die CO2 Bilanz reduzieren.<\/p>\n<h5>GESCHMACKSNOTE<\/h5>\n<p>Das Oli d\u00b4en Grau hat einen intensiven Duft nach frisch gem\u00e4hter Ernte und Bl\u00fcten. Im Mund f\u00fchlt es sich seidig und weich an.  Es hat einen gr\u00fcnen und fruchtigen Geschmack und ist ganz leicht bitter und scharf am Gaumenende, wie ein echtes Extra Natives Oliven\u00f6l!<\/p>\n<\/div>\n<\/div>\n<div class=\"fotos-producte\">\n<img decoding=\"async\" class=\"wp-image-869\" src=\"https:\/\/www.olidengrau.com\/wp-content\/uploads\/2021\/04\/proces-collita-oli-oliva-albera-683x1024.jpg\" alt=\"\" \/><img decoding=\"async\" class=\"wp-image-869\" src=\"https:\/\/www.olidengrau.com\/wp-content\/uploads\/2021\/04\/proces-collita-olives-argudell-683x1024.jpg\" alt=\"\" \/><img decoding=\"async\" class=\"wp-image-869\" src=\"https:\/\/www.olidengrau.com\/wp-content\/uploads\/2021\/04\/proces-collita-oli-oliva-verge-extra-argudell-683x1024.jpg\" alt=\"\" \/><img loading=\"lazy\" decoding=\"async\" width=\"683\" height=\"1024\" class=\"wp-image-869\" src=\"https:\/\/www.olidengrau.com\/wp-content\/uploads\/2021\/02\/oli-den-grau-oli-oliva-verge-extra-argudell-683x1024.jpg\" alt=\"\" srcset=\"https:\/\/www.olidengrau.com\/wp-content\/uploads\/2021\/02\/oli-den-grau-oli-oliva-verge-extra-argudell-683x1024.jpg 683w, https:\/\/www.olidengrau.com\/wp-content\/uploads\/2021\/02\/oli-den-grau-oli-oliva-verge-extra-argudell-200x300.jpg 200w, https:\/\/www.olidengrau.com\/wp-content\/uploads\/2021\/02\/oli-den-grau-oli-oliva-verge-extra-argudell-768x1152.jpg 768w, https:\/\/www.olidengrau.com\/wp-content\/uploads\/2021\/02\/oli-den-grau-oli-oliva-verge-extra-argudell.jpg 900w\" sizes=\"auto, (max-width: 683px) 100vw, 683px\" \/>\n<\/div>\n","protected":false},"excerpt":{"rendered":"<p>100% Argudell-Oliven aus dem alten Olivenbaumbestand von l\u2019Albera.<\/p>\n","protected":false},"featured_media":863,"template":"","meta":{"_acf_changed":false},"product_brand":[],"product_cat":[54],"product_tag":[],"class_list":{"0":"post-877","1":"product","2":"type-product","3":"status-publish","4":"has-post-thumbnail","6":"product_cat-extra-natives-biologisches-olivenoel","7":"sales-flash-overlay","8":"woocommerce-text-align-center","9":"woocommerce-image-align-center","10":"do-quantity-buttons","11":"wc-has-gallery","13":"first","14":"instock","15":"taxable","16":"shipping-taxable","17":"product-type-grouped"},"acf":[],"yoast_head":"<!-- This site is optimized with the Yoast SEO plugin v26.6 - https:\/\/yoast.com\/wordpress\/plugins\/seo\/ -->\n<title>Oli d&#039;en Grau - Oli d&#039;en Grau<\/title>\n<meta name=\"robots\" content=\"index, follow, max-snippet:-1, max-image-preview:large, max-video-preview:-1\" \/>\n<link rel=\"canonical\" href=\"https:\/\/www.olidengrau.com\/de\/comprar\/extra-natives-biologisches-olivenoel\/oli-den-grau\" \/>\n<meta property=\"og:locale\" content=\"de_DE\" \/>\n<meta property=\"og:type\" content=\"article\" \/>\n<meta property=\"og:title\" content=\"Oli d&#039;en Grau - Oli d&#039;en Grau\" \/>\n<meta property=\"og:description\" content=\"100% Argudell-Oliven aus dem alten Olivenbaumbestand von l\u2019Albera.\" \/>\n<meta property=\"og:url\" content=\"https:\/\/www.olidengrau.com\/de\/comprar\/extra-natives-biologisches-olivenoel\/oli-den-grau\" \/>\n<meta property=\"og:site_name\" content=\"Oli d&#039;en Grau\" \/>\n<meta property=\"article:modified_time\" content=\"2021-12-13T11:33:29+00:00\" \/>\n<meta property=\"og:image\" content=\"https:\/\/www.olidengrau.com\/wp-content\/uploads\/2021\/02\/oli-oliva-verge-extra-ecologic-argudell-formats.jpg\" \/>\n\t<meta property=\"og:image:width\" content=\"900\" \/>\n\t<meta property=\"og:image:height\" content=\"600\" \/>\n\t<meta property=\"og:image:type\" content=\"image\/jpeg\" \/>\n<meta name=\"twitter:card\" content=\"summary_large_image\" \/>\n<meta name=\"twitter:label1\" content=\"Gesch\u00e4tzte Lesezeit\" \/>\n\t<meta name=\"twitter:data1\" content=\"2\u00a0Minuten\" \/>\n<script type=\"application\/ld+json\" class=\"yoast-schema-graph\">{\"@context\":\"https:\/\/schema.org\",\"@graph\":[{\"@type\":\"WebPage\",\"@id\":\"https:\/\/www.olidengrau.com\/de\/comprar\/extra-natives-biologisches-olivenoel\/oli-den-grau\",\"url\":\"https:\/\/www.olidengrau.com\/de\/comprar\/extra-natives-biologisches-olivenoel\/oli-den-grau\",\"name\":\"Oli d'en Grau - Oli d&#039;en Grau\",\"isPartOf\":{\"@id\":\"https:\/\/www.olidengrau.com\/de#website\"},\"primaryImageOfPage\":{\"@id\":\"https:\/\/www.olidengrau.com\/de\/comprar\/extra-natives-biologisches-olivenoel\/oli-den-grau#primaryimage\"},\"image\":{\"@id\":\"https:\/\/www.olidengrau.com\/de\/comprar\/extra-natives-biologisches-olivenoel\/oli-den-grau#primaryimage\"},\"thumbnailUrl\":\"https:\/\/www.olidengrau.com\/wp-content\/uploads\/2021\/02\/oli-oliva-verge-extra-ecologic-argudell-formats.jpg\",\"datePublished\":\"2021-02-23T14:05:30+00:00\",\"dateModified\":\"2021-12-13T11:33:29+00:00\",\"breadcrumb\":{\"@id\":\"https:\/\/www.olidengrau.com\/de\/comprar\/extra-natives-biologisches-olivenoel\/oli-den-grau#breadcrumb\"},\"inLanguage\":\"de\",\"potentialAction\":[{\"@type\":\"ReadAction\",\"target\":[\"https:\/\/www.olidengrau.com\/de\/comprar\/extra-natives-biologisches-olivenoel\/oli-den-grau\"]}]},{\"@type\":\"ImageObject\",\"inLanguage\":\"de\",\"@id\":\"https:\/\/www.olidengrau.com\/de\/comprar\/extra-natives-biologisches-olivenoel\/oli-den-grau#primaryimage\",\"url\":\"https:\/\/www.olidengrau.com\/wp-content\/uploads\/2021\/02\/oli-oliva-verge-extra-ecologic-argudell-formats.jpg\",\"contentUrl\":\"https:\/\/www.olidengrau.com\/wp-content\/uploads\/2021\/02\/oli-oliva-verge-extra-ecologic-argudell-formats.jpg\",\"width\":900,\"height\":600},{\"@type\":\"BreadcrumbList\",\"@id\":\"https:\/\/www.olidengrau.com\/de\/comprar\/extra-natives-biologisches-olivenoel\/oli-den-grau#breadcrumb\",\"itemListElement\":[{\"@type\":\"ListItem\",\"position\":1,\"name\":\"Inici\",\"item\":\"https:\/\/www.olidengrau.com\/de\"},{\"@type\":\"ListItem\",\"position\":2,\"name\":\"Botiga\",\"item\":\"https:\/\/www.olidengrau.com\/botiga\"},{\"@type\":\"ListItem\",\"position\":3,\"name\":\"Oli d&#8217;en Grau\"}]},{\"@type\":\"WebSite\",\"@id\":\"https:\/\/www.olidengrau.com\/de#website\",\"url\":\"https:\/\/www.olidengrau.com\/de\",\"name\":\"Oli d&#039;en Grau\",\"description\":\"Oli d&#039;oliva verge extra ecol\u00f2gic\",\"publisher\":{\"@id\":\"https:\/\/www.olidengrau.com\/de#organization\"},\"potentialAction\":[{\"@type\":\"SearchAction\",\"target\":{\"@type\":\"EntryPoint\",\"urlTemplate\":\"https:\/\/www.olidengrau.com\/de?s={search_term_string}\"},\"query-input\":{\"@type\":\"PropertyValueSpecification\",\"valueRequired\":true,\"valueName\":\"search_term_string\"}}],\"inLanguage\":\"de\"},{\"@type\":\"Organization\",\"@id\":\"https:\/\/www.olidengrau.com\/de#organization\",\"name\":\"Oli d&#039;en Grau\",\"url\":\"https:\/\/www.olidengrau.com\/de\",\"logo\":{\"@type\":\"ImageObject\",\"inLanguage\":\"de\",\"@id\":\"https:\/\/www.olidengrau.com\/de#\/schema\/logo\/image\/\",\"url\":\"https:\/\/www.olidengrau.com\/wp-content\/uploads\/2021\/04\/Oli-den-grau.png\",\"contentUrl\":\"https:\/\/www.olidengrau.com\/wp-content\/uploads\/2021\/04\/Oli-den-grau.png\",\"width\":163,\"height\":25,\"caption\":\"Oli d&#039;en Grau\"},\"image\":{\"@id\":\"https:\/\/www.olidengrau.com\/de#\/schema\/logo\/image\/\"}}]}<\/script>\n<!-- \/ Yoast SEO plugin. -->","yoast_head_json":{"title":"Oli d'en Grau - Oli d&#039;en Grau","robots":{"index":"index","follow":"follow","max-snippet":"max-snippet:-1","max-image-preview":"max-image-preview:large","max-video-preview":"max-video-preview:-1"},"canonical":"https:\/\/www.olidengrau.com\/de\/comprar\/extra-natives-biologisches-olivenoel\/oli-den-grau","og_locale":"de_DE","og_type":"article","og_title":"Oli d'en Grau - Oli d&#039;en Grau","og_description":"100% Argudell-Oliven aus dem alten Olivenbaumbestand von l\u2019Albera.","og_url":"https:\/\/www.olidengrau.com\/de\/comprar\/extra-natives-biologisches-olivenoel\/oli-den-grau","og_site_name":"Oli d&#039;en Grau","article_modified_time":"2021-12-13T11:33:29+00:00","og_image":[{"width":900,"height":600,"url":"https:\/\/www.olidengrau.com\/wp-content\/uploads\/2021\/02\/oli-oliva-verge-extra-ecologic-argudell-formats.jpg","type":"image\/jpeg"}],"twitter_card":"summary_large_image","twitter_misc":{"Gesch\u00e4tzte Lesezeit":"2\u00a0Minuten"},"schema":{"@context":"https:\/\/schema.org","@graph":[{"@type":"WebPage","@id":"https:\/\/www.olidengrau.com\/de\/comprar\/extra-natives-biologisches-olivenoel\/oli-den-grau","url":"https:\/\/www.olidengrau.com\/de\/comprar\/extra-natives-biologisches-olivenoel\/oli-den-grau","name":"Oli d'en Grau - Oli d&#039;en Grau","isPartOf":{"@id":"https:\/\/www.olidengrau.com\/de#website"},"primaryImageOfPage":{"@id":"https:\/\/www.olidengrau.com\/de\/comprar\/extra-natives-biologisches-olivenoel\/oli-den-grau#primaryimage"},"image":{"@id":"https:\/\/www.olidengrau.com\/de\/comprar\/extra-natives-biologisches-olivenoel\/oli-den-grau#primaryimage"},"thumbnailUrl":"https:\/\/www.olidengrau.com\/wp-content\/uploads\/2021\/02\/oli-oliva-verge-extra-ecologic-argudell-formats.jpg","datePublished":"2021-02-23T14:05:30+00:00","dateModified":"2021-12-13T11:33:29+00:00","breadcrumb":{"@id":"https:\/\/www.olidengrau.com\/de\/comprar\/extra-natives-biologisches-olivenoel\/oli-den-grau#breadcrumb"},"inLanguage":"de","potentialAction":[{"@type":"ReadAction","target":["https:\/\/www.olidengrau.com\/de\/comprar\/extra-natives-biologisches-olivenoel\/oli-den-grau"]}]},{"@type":"ImageObject","inLanguage":"de","@id":"https:\/\/www.olidengrau.com\/de\/comprar\/extra-natives-biologisches-olivenoel\/oli-den-grau#primaryimage","url":"https:\/\/www.olidengrau.com\/wp-content\/uploads\/2021\/02\/oli-oliva-verge-extra-ecologic-argudell-formats.jpg","contentUrl":"https:\/\/www.olidengrau.com\/wp-content\/uploads\/2021\/02\/oli-oliva-verge-extra-ecologic-argudell-formats.jpg","width":900,"height":600},{"@type":"BreadcrumbList","@id":"https:\/\/www.olidengrau.com\/de\/comprar\/extra-natives-biologisches-olivenoel\/oli-den-grau#breadcrumb","itemListElement":[{"@type":"ListItem","position":1,"name":"Inici","item":"https:\/\/www.olidengrau.com\/de"},{"@type":"ListItem","position":2,"name":"Botiga","item":"https:\/\/www.olidengrau.com\/botiga"},{"@type":"ListItem","position":3,"name":"Oli d&#8217;en Grau"}]},{"@type":"WebSite","@id":"https:\/\/www.olidengrau.com\/de#website","url":"https:\/\/www.olidengrau.com\/de","name":"Oli d&#039;en Grau","description":"Oli d&#039;oliva verge extra ecol\u00f2gic","publisher":{"@id":"https:\/\/www.olidengrau.com\/de#organization"},"potentialAction":[{"@type":"SearchAction","target":{"@type":"EntryPoint","urlTemplate":"https:\/\/www.olidengrau.com\/de?s={search_term_string}"},"query-input":{"@type":"PropertyValueSpecification","valueRequired":true,"valueName":"search_term_string"}}],"inLanguage":"de"},{"@type":"Organization","@id":"https:\/\/www.olidengrau.com\/de#organization","name":"Oli d&#039;en Grau","url":"https:\/\/www.olidengrau.com\/de","logo":{"@type":"ImageObject","inLanguage":"de","@id":"https:\/\/www.olidengrau.com\/de#\/schema\/logo\/image\/","url":"https:\/\/www.olidengrau.com\/wp-content\/uploads\/2021\/04\/Oli-den-grau.png","contentUrl":"https:\/\/www.olidengrau.com\/wp-content\/uploads\/2021\/04\/Oli-den-grau.png","width":163,"height":25,"caption":"Oli d&#039;en Grau"},"image":{"@id":"https:\/\/www.olidengrau.com\/de#\/schema\/logo\/image\/"}}]}},"_links":{"self":[{"href":"https:\/\/www.olidengrau.com\/de\/wp-json\/wp\/v2\/product\/877","targetHints":{"allow":["GET"]}}],"collection":[{"href":"https:\/\/www.olidengrau.com\/de\/wp-json\/wp\/v2\/product"}],"about":[{"href":"https:\/\/www.olidengrau.com\/de\/wp-json\/wp\/v2\/types\/product"}],"wp:featuredmedia":[{"embeddable":true,"href":"https:\/\/www.olidengrau.com\/de\/wp-json\/wp\/v2\/media\/863"}],"wp:attachment":[{"href":"https:\/\/www.olidengrau.com\/de\/wp-json\/wp\/v2\/media?parent=877"}],"wp:term":[{"taxonomy":"product_brand","embeddable":true,"href":"https:\/\/www.olidengrau.com\/de\/wp-json\/wp\/v2\/product_brand?post=877"},{"taxonomy":"product_cat","embeddable":true,"href":"https:\/\/www.olidengrau.com\/de\/wp-json\/wp\/v2\/product_cat?post=877"},{"taxonomy":"product_tag","embeddable":true,"href":"https:\/\/www.olidengrau.com\/de\/wp-json\/wp\/v2\/product_tag?post=877"}],"curies":[{"name":"wp","href":"https:\/\/api.w.org\/{rel}","templated":true}]}}