{"id":1043,"date":"2021-11-12T13:28:57","date_gmt":"2021-11-12T11:28:57","guid":{"rendered":"https:\/\/www.olidengrau.com\/?page_id=1043"},"modified":"2021-11-12T14:42:18","modified_gmt":"2021-11-12T12:42:18","slug":"politique-de-confidentialite","status":"publish","type":"page","link":"https:\/\/www.olidengrau.com\/fr\/politique-de-confidentialite","title":{"rendered":"Politique de confidentialit\u00e9"},"content":{"rendered":"<p>Informations destin\u00e9es aux utilisateurs du site Internet www.olidengrau.com sur la politique relative au traitement et \u00e0 la protection des donn\u00e9es \u00e0 caract\u00e8re personnel des utilisateurs et des clients.<\/p><p>Nous garantissons \u00e0 tout moment le respect des obligations mentionn\u00e9es dans le r\u00e8glement relatif \u00e0 la protection des donn\u00e9es et des services de la soci\u00e9t\u00e9 de l\u2019information&nbsp;: r\u00e8glement (UE) 2016\/679 du Parlement europ\u00e9en et du Conseil de l\u2019Europe du 27 avril 2016 relatif \u00e0 la protection des personnes physiques quant au traitement des donn\u00e9es personnelles et \u00e0 la libre circulation de ces donn\u00e9es (RGPD), le r\u00e8glement de la Loi organique 3\/2018 du 5 d\u00e9cembre relative \u00e0 la protection des donn\u00e9es personnelles et la garantie des droits num\u00e9riques (LOPDGDD),&nbsp;et la loi 34\/2002 du 11 juillet relative aux services de la soci\u00e9t\u00e9 de l\u2019information et du commerce \u00e9lectronique (LSSIce).<\/p><div style=\"height:10px\" aria-hidden=\"true\" class=\"wp-block-spacer\"><\/div><h5 class=\"wp-block-heading\">1. Responsable du traitement des donn\u00e9es personnelles<\/h5><p>La personne responsable du traitement de vos donn\u00e9es est&nbsp; la suivante :<\/p><p>AITOR TORRES CASADEMONT<br>N\u00ba doc. identit\u00e9&nbsp;: 41552049L<br>Mas Torres, 30 &#8211; 17751 Sant Climent Sescebes (prov. G\u00e9rone, Espagne)<br>olidengraumail.com<\/p><div style=\"height:10px\" aria-hidden=\"true\" class=\"wp-block-spacer\"><\/div><h5 class=\"wp-block-heading\">2. Finalit\u00e9s du traitement des donn\u00e9es<\/h5><p>Les donn\u00e9es fournies par l\u2019utilisateur sont utilis\u00e9es pour les finalit\u00e9s suivantes&nbsp;:<\/p><figure class=\"wp-block-table\"><table><tbody><tr><td><strong>Finalit\u00e9 du traitement<\/strong><\/td><td><strong>Base juridique pour le traitement<\/strong><\/td><\/tr><tr><td>Gestion des commentaires envoy\u00e9s par le biais du formulaire de consultation<\/td><td>Int\u00e9r\u00eat l\u00e9gitime de la soci\u00e9t\u00e9 \u00e0 recevoir des demandes d\u2019information par le biais de son site Internet.<br>Consentement pr\u00eat\u00e9 de mani\u00e8re expresse au moment de recueillir les donn\u00e9es par le biais des formulaires du site.<\/td><\/tr><tr><td>Cr\u00e9ation et gestion de votre registre en tant qu\u2019utilisateur<\/td><td>Consentement pr\u00eat\u00e9 de mani\u00e8re expresse au moment de recueillir les donn\u00e9es par le biais des formulaires du site.<\/td><\/tr><tr><td>D\u00e9veloppement, respect et ex\u00e9cution du contrat de vente ou de services engag\u00e9s sur notre site Internet<\/td><td>Consentement pr\u00eat\u00e9 de mani\u00e8re expresse au moment de recueillir les donn\u00e9es par le biais des formulaires du site.<\/td><\/tr><tr><td>Respect des obligations fiscales en vigueur<\/td><td>Respect des obligations l\u00e9gales applicables.<\/td><\/tr><\/tbody><\/table><\/figure><h5 class=\"wp-block-heading\">3. D\u00e9lai de conservation des donn\u00e9es<\/h5><figure class=\"wp-block-table\"><table><tbody><tr><td><strong>Finalit\u00e9 du traitement des donn\u00e9es<\/strong><\/td><td><strong>D\u00e9lai de conservation<\/strong><\/td><\/tr><tr><td>Gestion des questions pos\u00e9es parle biais du formulaire de consultation<\/td><td>Nous conserverons vos donn\u00e9es le temps n\u00e9cessaire pour r\u00e9pondre \u00e0 votre question o \u00e0 votre commentaire.<\/td><\/tr><tr><td>Cr\u00e9ation et gestion de votre registre en tant qu\u2019utilisateur<\/td><td>Nous conserverons vos donn\u00e9es tant que vous conserverez votre conditio d\u2019utilisateur enregistr\u00e9 (c\u2019est-\u00e0-dire jusqu\u2019\u00e0 ce que vous vous d\u00e9sinscriviez).<\/td><\/tr><tr><td>D\u00e9veloppement, respect et ex\u00e9cution du contrat de vente ou de services engag\u00e9s sur notre site Internet<\/td><td>Nous conserverons vos donn\u00e9es le temps n\u00e9cessaire \u00e0 la gestion de la vente des produits ou services que vous avez achet\u00e9s, y compris les \u00e9ventuels retours, plaintes ou r\u00e9clamations associ\u00e9s \u00e0 l\u2019achat du produit ou du service en question.<\/td><\/tr><tr><td>Respect des obligations fiscales en vigueur<\/td><td>Nous conserverons vos donn\u00e9es le temps n\u00e9cessaire pour le respect de d\u00e9lais l\u00e9gaux de prescription en application.<\/td><\/tr><\/tbody><\/table><\/figure><h5 class=\"wp-block-heading\">4. Destinataires des donn\u00e9es<\/h5><p>Afin d\u2019aller dans le sens des finalit\u00e9s mentionn\u00e9es dans la pr\u00e9sente Politique de confidentialit\u00e9, nous devons autoriser l\u2019acc\u00e8s \u00e0 vos donn\u00e9es personnelles \u00e0 Aitor Torres Casademont et aux tierces parties qui contribuent aux services que nous vous proposons :<\/p><p>\u2013 Fournisseurs et collaborateurs des services de logistique, transport et livraison<\/p><p>\u2013 Fournisseurs et collaborateurs des services li\u00e9s au marketing et \u00e0 la publicit\u00e9<\/p><p>Les personnes charg\u00e9es du traitement relatif \u00e0 la prestation d\u2019un service au responsable, en suivant \u00e0 tout moment les instructions de ce dernier et en assurant les m\u00eames niveaux de s\u00e9curit\u00e9.<\/p><div style=\"height:10px\" aria-hidden=\"true\" class=\"wp-block-spacer\"><\/div><h5 class=\"wp-block-heading\">5. Droits des utilisateurs<\/h5><p>L\u2019utilisateur \u00e0 le droit de&nbsp;:<\/p><ul class=\"wp-block-list\"><li>Demander \u00e0 acc\u00e9der \u00e0 ses donn\u00e9es personnelles en cours de traitement et recevoir ces informations par \u00e9crit par le moyen requis.<\/li><li>Demander la rectification des donn\u00e9es personnelles inexactes ou, le cas \u00e9ch\u00e9ant, demander leur suppression lorsque, entre autres raisons, les donn\u00e9es ne sont plus n\u00e9cessaires pour la finalit\u00e9 pour laquelle elles sont \u00e9t\u00e9 recueillies.<\/li><li>Demander la limitation du traitement de ses donn\u00e9es.<\/li><li>S\u2019opposer au traitement de&nbsp; ses donn\u00e9es personnelles lorsque cela est n\u00e9cessaire, qui dans ce cas cesseront d\u2019\u00eatre trait\u00e9es, sauf pour des raisons l\u00e9gitimes.<\/li><li>Exercer son droit \u00e0 portabilit\u00e9 des donn\u00e9es. L\u2019int\u00e9ress\u00e9 a le droit \u00e0 recevoir ses donn\u00e9es personnelles s\u2019il les a fournies dans un format structur\u00e9, d\u2019usage commun et de lecture m\u00e9canique, et \u00e0 les transmettre \u00e0 un autre responsable, si les conditions suivantes sont respect\u00e9es&nbsp;:<\/li><\/ul><ol class=\"wp-block-list\" type=\"1\"><li>&nbsp;<ol start=\"1\" type=\"1\"><li>Le traitement est fond\u00e9 sur le consentement ou sur un contrat.<\/li><li>Le traitement est r\u00e9alis\u00e9 par des moyens automatis\u00e9s.<\/li><\/ol><\/li><li><ul><li>Droit de retrait du consentement pr\u00eat\u00e9.<\/li><li>Droit de r\u00e9clamation aupr\u00e8s de l\u2019Agence espagnole de protection des donn\u00e9es.<\/li><\/ul><\/li><\/ol><p>Vous pouvez exercer les droits mentionn\u00e9s \u00e0 l\u2019adresse de courrier postal du responsable, en justifiant votre identit\u00e9 au moyen d\u2019une copie scann\u00e9e de votre document d\u2019identit\u00e9 et en indiquant le droit que vous souhaitez exercer.<\/p><div style=\"height:10px\" aria-hidden=\"true\" class=\"wp-block-spacer\"><\/div><h5 class=\"wp-block-heading\">6. Provenance des donn\u00e9es<\/h5><p>Les donn\u00e9es personnelles doivent \u00eatre fournies par l\u2019int\u00e9ress\u00e9(e) de mani\u00e8re totalement volontaire. L\u2019absence de certaines donn\u00e9es ou l\u2019absence de r\u00e9ponse \u00e0 des questions susceptibles d\u2019\u00eatre pos\u00e9es \u00e0 l\u2019utilisateur lors des proc\u00e9dures d\u2019enregistrement ou au moyen de formulaires \u00e9lectroniques, peuvent entra\u00eener l\u2019impossibilit\u00e9 d\u2019acc\u00e9der \u00e0 certains services dont la prestation requiert de disposer de ces donn\u00e9es \u00e0 caract\u00e8re personnel. Dans ce cas, le responsable du traitement des donn\u00e9es doit informer du caract\u00e8re obligatoire ou n\u00e9cessaire de ces donn\u00e9es pour le fonctionnement du service.<\/p><p>Le responsable doit assurer la confidentialit\u00e9 des donn\u00e9es personnelles et garantir leur s\u00e9curit\u00e9 en adoptant les mesures n\u00e9cessaires afin d\u2019\u00e9viter leur alt\u00e9ration, leur perte, leur traitement ou un acc\u00e8s non autoris\u00e9.<\/p><div style=\"height:10px\" aria-hidden=\"true\" class=\"wp-block-spacer\"><\/div><h5 class=\"wp-block-heading\">7. Informations fournies par l\u2019int\u00e9ress\u00e9\/int\u00e9ress\u00e9e&nbsp;<\/h5><p>Les mineurs ne sont pas autoris\u00e9s \u00e0 c\u00e9der leurs donn\u00e9es personnelles sans le consentement pr\u00e9alable de l\u2019un de leurs parents et\/ou de leurs tuteurs l\u00e9gaux.<\/p><p>En saisissant ses donn\u00e9es dans les formulaires de contact ou de t\u00e9l\u00e9chargement, l\u2019int\u00e9ress\u00e9(e) accepte express\u00e9ment, librement et sans \u00e9quivoque que ses donn\u00e9es personnelles sont n\u00e9cessaires au responsable pour r\u00e9pondre \u00e0 votre demande, les autres champs \u00e9tant optionnels.<\/p><p>L\u2019int\u00e9ress\u00e9(e) garantit que les donn\u00e9es personnelles fournies au prestataire sont v\u00e9ridiques et exactes, et il\/elle est responsable d\u2019informer de toute modification de ces donn\u00e9es.<\/p><p>Toutes les donn\u00e9es requises sur le site Internet sont n\u00e9cessaires afin de vous pr\u00eater un service optimal. Si vous ne fournissez pas toutes les donn\u00e9es qui vous sont demand\u00e9s, les informations et les services du responsable sont susceptibles de ne pas \u00eatre totalement adapt\u00e9s \u00e0 vos besoins.<\/p><div style=\"height:10px\" aria-hidden=\"true\" class=\"wp-block-spacer\"><\/div><h5 class=\"wp-block-heading\">8. Mesures de s\u00e9curit\u00e9<\/h5><p>Conform\u00e9ment aux dispositions des r\u00e8glements en vigueur en mati\u00e8re de protection des donn\u00e9es personnelles, le responsable remplit toutes les conditions requises dans les r\u00e8glements RGPD et LOPDGDD concernant le traitement des donn\u00e9es personnelles sous sa responsabilit\u00e9, et en particulier avec les principes mentionn\u00e9s dans l\u2019article 5 du RGPD et dans l\u2019article 4 de la LOPDGDD. Ainsi, vos donn\u00e9es sont trait\u00e9es de mani\u00e8re licite, loyale et en toute transparence en ce qui vous concerne, et de mani\u00e8re appropri\u00e9e, pertinente et limit\u00e9e dans le cadre des finalit\u00e9s pour lesquelles elles sont trait\u00e9es.<\/p><p>Le responsable assure avoir mis en place des politiques techniques et organisationnelles adapt\u00e9es afin d\u2019appliquer les mesures de s\u00e9curit\u00e9 \u00e9tablies par le RGPD et la LOPDGDD pour prot\u00e9ger les droits et les libert\u00e9s de l\u2019int\u00e9ress\u00e9(e), et qu\u2019il a fourni \u00e0 ce dernier les informations n\u00e9cessaires \u00e0 leur exercice.<\/p><div style=\"height:10px\" aria-hidden=\"true\" class=\"wp-block-spacer\"><\/div><h5 class=\"wp-block-heading\">9. Br\u00e8ches de s\u00e9curit\u00e9<\/h5><p>Le responsable doit informer de toute br\u00e8che de s\u00e9curit\u00e9 concernant la base de donn\u00e9es utilis\u00e9e par son site Internet ou l\u2019un de nos services \u00e0 des tiers, toutes les personnes dont les donn\u00e9es peuvent avoir \u00e9t\u00e9 concern\u00e9es, ainsi que les autorit\u00e9s, dans un d\u00e9lai de 72 heures suivant la d\u00e9tection de la br\u00e8che.&nbsp;<\/p><div style=\"height:10px\" aria-hidden=\"true\" class=\"wp-block-spacer\"><\/div><h5 class=\"wp-block-heading\">10. L\u00e9gislation applicable et juridiction<\/h5><p>Pour la r\u00e9solution de tout diff\u00e9rend, toute controverse ou question li\u00e9s au site Internet du responsable ou des activit\u00e9s qui y sont d\u00e9velopp\u00e9es, les parties se soumettent express\u00e9ment \u00e0 la l\u00e9gislation espagnole, les tribunaux de Barcelone \u00e9tant comp\u00e9tents pour r\u00e9soudre tous les conflits d\u00e9coulant ou li\u00e9s \u00e0 l\u2019usage dudit site Internet.<\/p>","protected":false},"excerpt":{"rendered":"<p>Informations destin\u00e9es aux utilisateurs du site Internet www.olidengrau.com sur la politique relative au traitement et \u00e0 la protection des donn\u00e9es \u00e0 caract\u00e8re personnel des utilisateurs et des clients. Nous garantissons \u00e0 tout moment le respect des obligations mentionn\u00e9es dans le r\u00e8glement relatif \u00e0 la protection des donn\u00e9es et des services de la soci\u00e9t\u00e9 de l\u2019information&nbsp;: &#8230; <a title=\"Politique de confidentialit\u00e9\" class=\"read-more\" href=\"https:\/\/www.olidengrau.com\/fr\/politique-de-confidentialite\" aria-label=\"En savoir plus sur Politique de confidentialit\u00e9\">Lire plus<\/a><\/p>\n","protected":false},"author":2,"featured_media":0,"parent":0,"menu_order":0,"comment_status":"closed","ping_status":"open","template":"","meta":{"_acf_changed":false,"footnotes":""},"class_list":["post-1043","page","type-page","status-publish"],"acf":[],"yoast_head":"<!-- This site is optimized with the Yoast SEO plugin v26.6 - https:\/\/yoast.com\/wordpress\/plugins\/seo\/ -->\n<title>Politique de confidentialit\u00e9 - Oli d&#039;en Grau<\/title>\n<meta name=\"robots\" content=\"index, follow, max-snippet:-1, max-image-preview:large, max-video-preview:-1\" \/>\n<link rel=\"canonical\" href=\"https:\/\/www.olidengrau.com\/fr\/politique-de-confidentialite\" \/>\n<meta property=\"og:locale\" content=\"fr_FR\" \/>\n<meta property=\"og:type\" content=\"article\" \/>\n<meta property=\"og:title\" content=\"Politique de confidentialit\u00e9 - Oli d&#039;en Grau\" \/>\n<meta property=\"og:description\" content=\"Informations destin\u00e9es aux utilisateurs du site Internet www.olidengrau.com sur la politique relative au traitement et \u00e0 la protection des donn\u00e9es \u00e0 caract\u00e8re personnel des utilisateurs et des clients. Nous garantissons \u00e0 tout moment le respect des obligations mentionn\u00e9es dans le r\u00e8glement relatif \u00e0 la protection des donn\u00e9es et des services de la soci\u00e9t\u00e9 de l\u2019information&nbsp;: ... Lire plus\" \/>\n<meta property=\"og:url\" content=\"https:\/\/www.olidengrau.com\/fr\/politique-de-confidentialite\" \/>\n<meta property=\"og:site_name\" content=\"Oli d&#039;en Grau\" \/>\n<meta property=\"article:modified_time\" content=\"2021-11-12T12:42:18+00:00\" \/>\n<meta name=\"twitter:card\" content=\"summary_large_image\" \/>\n<meta name=\"twitter:label1\" content=\"Dur\u00e9e de lecture estim\u00e9e\" \/>\n\t<meta name=\"twitter:data1\" content=\"6 minutes\" \/>\n<script type=\"application\/ld+json\" class=\"yoast-schema-graph\">{\"@context\":\"https:\/\/schema.org\",\"@graph\":[{\"@type\":\"WebPage\",\"@id\":\"https:\/\/www.olidengrau.com\/fr\/politique-de-confidentialite\",\"url\":\"https:\/\/www.olidengrau.com\/fr\/politique-de-confidentialite\",\"name\":\"Politique de confidentialit\u00e9 - Oli d&#039;en Grau\",\"isPartOf\":{\"@id\":\"https:\/\/www.olidengrau.com\/fr#website\"},\"datePublished\":\"2021-11-12T11:28:57+00:00\",\"dateModified\":\"2021-11-12T12:42:18+00:00\",\"breadcrumb\":{\"@id\":\"https:\/\/www.olidengrau.com\/fr\/politique-de-confidentialite#breadcrumb\"},\"inLanguage\":\"fr-FR\",\"potentialAction\":[{\"@type\":\"ReadAction\",\"target\":[\"https:\/\/www.olidengrau.com\/fr\/politique-de-confidentialite\"]}]},{\"@type\":\"BreadcrumbList\",\"@id\":\"https:\/\/www.olidengrau.com\/fr\/politique-de-confidentialite#breadcrumb\",\"itemListElement\":[{\"@type\":\"ListItem\",\"position\":1,\"name\":\"Inici\",\"item\":\"https:\/\/www.olidengrau.com\/fr\"},{\"@type\":\"ListItem\",\"position\":2,\"name\":\"Politique de confidentialit\u00e9\"}]},{\"@type\":\"WebSite\",\"@id\":\"https:\/\/www.olidengrau.com\/fr#website\",\"url\":\"https:\/\/www.olidengrau.com\/fr\",\"name\":\"Oli d&#039;en Grau\",\"description\":\"Oli d&#039;oliva verge extra ecol\u00f2gic\",\"publisher\":{\"@id\":\"https:\/\/www.olidengrau.com\/fr#organization\"},\"potentialAction\":[{\"@type\":\"SearchAction\",\"target\":{\"@type\":\"EntryPoint\",\"urlTemplate\":\"https:\/\/www.olidengrau.com\/fr?s={search_term_string}\"},\"query-input\":{\"@type\":\"PropertyValueSpecification\",\"valueRequired\":true,\"valueName\":\"search_term_string\"}}],\"inLanguage\":\"fr-FR\"},{\"@type\":\"Organization\",\"@id\":\"https:\/\/www.olidengrau.com\/fr#organization\",\"name\":\"Oli d&#039;en Grau\",\"url\":\"https:\/\/www.olidengrau.com\/fr\",\"logo\":{\"@type\":\"ImageObject\",\"inLanguage\":\"fr-FR\",\"@id\":\"https:\/\/www.olidengrau.com\/fr#\/schema\/logo\/image\/\",\"url\":\"https:\/\/www.olidengrau.com\/wp-content\/uploads\/2021\/04\/Oli-den-grau.png\",\"contentUrl\":\"https:\/\/www.olidengrau.com\/wp-content\/uploads\/2021\/04\/Oli-den-grau.png\",\"width\":163,\"height\":25,\"caption\":\"Oli d&#039;en Grau\"},\"image\":{\"@id\":\"https:\/\/www.olidengrau.com\/fr#\/schema\/logo\/image\/\"}}]}<\/script>\n<!-- \/ Yoast SEO plugin. -->","yoast_head_json":{"title":"Politique de confidentialit\u00e9 - Oli d&#039;en Grau","robots":{"index":"index","follow":"follow","max-snippet":"max-snippet:-1","max-image-preview":"max-image-preview:large","max-video-preview":"max-video-preview:-1"},"canonical":"https:\/\/www.olidengrau.com\/fr\/politique-de-confidentialite","og_locale":"fr_FR","og_type":"article","og_title":"Politique de confidentialit\u00e9 - Oli d&#039;en Grau","og_description":"Informations destin\u00e9es aux utilisateurs du site Internet www.olidengrau.com sur la politique relative au traitement et \u00e0 la protection des donn\u00e9es \u00e0 caract\u00e8re personnel des utilisateurs et des clients. Nous garantissons \u00e0 tout moment le respect des obligations mentionn\u00e9es dans le r\u00e8glement relatif \u00e0 la protection des donn\u00e9es et des services de la soci\u00e9t\u00e9 de l\u2019information&nbsp;: ... Lire plus","og_url":"https:\/\/www.olidengrau.com\/fr\/politique-de-confidentialite","og_site_name":"Oli d&#039;en Grau","article_modified_time":"2021-11-12T12:42:18+00:00","twitter_card":"summary_large_image","twitter_misc":{"Dur\u00e9e de lecture estim\u00e9e":"6 minutes"},"schema":{"@context":"https:\/\/schema.org","@graph":[{"@type":"WebPage","@id":"https:\/\/www.olidengrau.com\/fr\/politique-de-confidentialite","url":"https:\/\/www.olidengrau.com\/fr\/politique-de-confidentialite","name":"Politique de confidentialit\u00e9 - Oli d&#039;en Grau","isPartOf":{"@id":"https:\/\/www.olidengrau.com\/fr#website"},"datePublished":"2021-11-12T11:28:57+00:00","dateModified":"2021-11-12T12:42:18+00:00","breadcrumb":{"@id":"https:\/\/www.olidengrau.com\/fr\/politique-de-confidentialite#breadcrumb"},"inLanguage":"fr-FR","potentialAction":[{"@type":"ReadAction","target":["https:\/\/www.olidengrau.com\/fr\/politique-de-confidentialite"]}]},{"@type":"BreadcrumbList","@id":"https:\/\/www.olidengrau.com\/fr\/politique-de-confidentialite#breadcrumb","itemListElement":[{"@type":"ListItem","position":1,"name":"Inici","item":"https:\/\/www.olidengrau.com\/fr"},{"@type":"ListItem","position":2,"name":"Politique de confidentialit\u00e9"}]},{"@type":"WebSite","@id":"https:\/\/www.olidengrau.com\/fr#website","url":"https:\/\/www.olidengrau.com\/fr","name":"Oli d&#039;en Grau","description":"Oli d&#039;oliva verge extra ecol\u00f2gic","publisher":{"@id":"https:\/\/www.olidengrau.com\/fr#organization"},"potentialAction":[{"@type":"SearchAction","target":{"@type":"EntryPoint","urlTemplate":"https:\/\/www.olidengrau.com\/fr?s={search_term_string}"},"query-input":{"@type":"PropertyValueSpecification","valueRequired":true,"valueName":"search_term_string"}}],"inLanguage":"fr-FR"},{"@type":"Organization","@id":"https:\/\/www.olidengrau.com\/fr#organization","name":"Oli d&#039;en Grau","url":"https:\/\/www.olidengrau.com\/fr","logo":{"@type":"ImageObject","inLanguage":"fr-FR","@id":"https:\/\/www.olidengrau.com\/fr#\/schema\/logo\/image\/","url":"https:\/\/www.olidengrau.com\/wp-content\/uploads\/2021\/04\/Oli-den-grau.png","contentUrl":"https:\/\/www.olidengrau.com\/wp-content\/uploads\/2021\/04\/Oli-den-grau.png","width":163,"height":25,"caption":"Oli d&#039;en Grau"},"image":{"@id":"https:\/\/www.olidengrau.com\/fr#\/schema\/logo\/image\/"}}]}},"_links":{"self":[{"href":"https:\/\/www.olidengrau.com\/fr\/wp-json\/wp\/v2\/pages\/1043","targetHints":{"allow":["GET"]}}],"collection":[{"href":"https:\/\/www.olidengrau.com\/fr\/wp-json\/wp\/v2\/pages"}],"about":[{"href":"https:\/\/www.olidengrau.com\/fr\/wp-json\/wp\/v2\/types\/page"}],"author":[{"embeddable":true,"href":"https:\/\/www.olidengrau.com\/fr\/wp-json\/wp\/v2\/users\/2"}],"replies":[{"embeddable":true,"href":"https:\/\/www.olidengrau.com\/fr\/wp-json\/wp\/v2\/comments?post=1043"}],"version-history":[{"count":3,"href":"https:\/\/www.olidengrau.com\/fr\/wp-json\/wp\/v2\/pages\/1043\/revisions"}],"predecessor-version":[{"id":1082,"href":"https:\/\/www.olidengrau.com\/fr\/wp-json\/wp\/v2\/pages\/1043\/revisions\/1082"}],"wp:attachment":[{"href":"https:\/\/www.olidengrau.com\/fr\/wp-json\/wp\/v2\/media?parent=1043"}],"curies":[{"name":"wp","href":"https:\/\/api.w.org\/{rel}","templated":true}]}}