{"id":783,"date":"2021-03-15T17:26:05","date_gmt":"2021-03-15T15:26:05","guid":{"rendered":"https:\/\/www.olidengrau.com\/celler-la-gutina"},"modified":"2021-11-12T14:33:51","modified_gmt":"2021-11-12T12:33:51","slug":"celler-la-gutina","status":"publish","type":"page","link":"https:\/\/www.olidengrau.com\/fr\/celler-la-gutina","title":{"rendered":"celler La Gutina"},"content":{"rendered":"<h2 class=\"wp-block-heading\">Vins et paysage<\/h2><figure class=\"wp-block-image size-full\"><img loading=\"lazy\" decoding=\"async\" width=\"2000\" height=\"847\" src=\"https:\/\/www.olidengrau.com\/wp-content\/uploads\/2021\/03\/vinyes-la-gutina.jpg\" alt=\"\" class=\"wp-image-320\" srcset=\"https:\/\/www.olidengrau.com\/wp-content\/uploads\/2021\/03\/vinyes-la-gutina.jpg 2000w, https:\/\/www.olidengrau.com\/wp-content\/uploads\/2021\/03\/vinyes-la-gutina-900x381.jpg 900w, https:\/\/www.olidengrau.com\/wp-content\/uploads\/2021\/03\/vinyes-la-gutina-300x127.jpg 300w, https:\/\/www.olidengrau.com\/wp-content\/uploads\/2021\/03\/vinyes-la-gutina-1024x434.jpg 1024w, https:\/\/www.olidengrau.com\/wp-content\/uploads\/2021\/03\/vinyes-la-gutina-768x325.jpg 768w, https:\/\/www.olidengrau.com\/wp-content\/uploads\/2021\/03\/vinyes-la-gutina-1536x650.jpg 1536w\" sizes=\"auto, (max-width: 2000px) 100vw, 2000px\" \/><\/figure><p class=\"has-medium-font-size\"><strong><strong>L\u2019oli d\u2019en Grau <\/strong><\/strong>est un produit n\u00e9 \u00e0 <strong><strong>La Gutina<\/strong><\/strong><\/p><hr class=\"wp-block-separator is-style-wide\"\/><div class=\"wp-block-columns foto-dreta is-layout-flex wp-container-core-columns-is-layout-1 wp-block-columns-is-layout-flex\"><div class=\"wp-block-column is-layout-flow wp-block-column-is-layout-flow\"><p>Bienvenue chez <strong>Barbara et Joan Carles Torres<\/strong>.&#13;\nNotre cave se trouve dans les <strong>Aspres des Alb\u00e8res<\/strong>, sur une propri\u00e9t\u00e9 de 80 hectares de vignes, de champs, d\u2019oliveraies et de bois de ch\u00eanes-li\u00e8ges, dans un paysage m\u00e9diterran\u00e9en caract\u00e9ris\u00e9 par les formations granitiques, la pr\u00e9sence de dolmens, de menhirs et d&rsquo;\u00e9tangs naturels prot\u00e9g\u00e9s par le r\u00e9seau Xarxa Natura 2000.<\/p>\n\n<div class=\"wp-block-buttons btn-full is-layout-flex wp-block-buttons-is-layout-flex\"><div class=\"wp-block-button\"><a class=\"wp-block-button__link no-border-radius\" href=\"http:\/\/cellerlagutina.com\/fr\/la-finca\/\" target=\"_blank\" rel=\"noreferrer noopener\">Venez visiter notre propri\u00e9t\u00e9<\/a><\/div><\/div><\/div>\n\n<div class=\"wp-block-column is-layout-flow wp-block-column-is-layout-flow\"><figure class=\"wp-block-image size-large\"><img loading=\"lazy\" decoding=\"async\" width=\"1024\" height=\"434\" src=\"https:\/\/www.olidengrau.com\/wp-content\/uploads\/2021\/03\/verema-1024x434.jpg\" alt=\"\" class=\"wp-image-308\" srcset=\"https:\/\/www.olidengrau.com\/wp-content\/uploads\/2021\/03\/verema-1024x434.jpg 1024w, https:\/\/www.olidengrau.com\/wp-content\/uploads\/2021\/03\/verema-900x381.jpg 900w, https:\/\/www.olidengrau.com\/wp-content\/uploads\/2021\/03\/verema-300x127.jpg 300w, https:\/\/www.olidengrau.com\/wp-content\/uploads\/2021\/03\/verema-768x325.jpg 768w, https:\/\/www.olidengrau.com\/wp-content\/uploads\/2021\/03\/verema-1536x650.jpg 1536w, https:\/\/www.olidengrau.com\/wp-content\/uploads\/2021\/03\/verema.jpg 2000w\" sizes=\"auto, (max-width: 1024px) 100vw, 1024px\" \/><\/figure><\/div><\/div><hr class=\"wp-block-separator is-style-wide\"\/><div class=\"wp-block-columns is-layout-flex wp-container-core-columns-is-layout-2 wp-block-columns-is-layout-flex\"><div class=\"wp-block-column is-layout-flow wp-block-column-is-layout-flow\"><figure class=\"wp-block-image size-large\"><img loading=\"lazy\" decoding=\"async\" width=\"1024\" height=\"434\" src=\"https:\/\/www.olidengrau.com\/wp-content\/uploads\/2021\/03\/vinas-trabajo-manual-vino-ecologico-celler-can-torres-1024x434.jpg\" alt=\"\" class=\"wp-image-312\" srcset=\"https:\/\/www.olidengrau.com\/wp-content\/uploads\/2021\/03\/vinas-trabajo-manual-vino-ecologico-celler-can-torres-1024x434.jpg 1024w, https:\/\/www.olidengrau.com\/wp-content\/uploads\/2021\/03\/vinas-trabajo-manual-vino-ecologico-celler-can-torres-900x381.jpg 900w, https:\/\/www.olidengrau.com\/wp-content\/uploads\/2021\/03\/vinas-trabajo-manual-vino-ecologico-celler-can-torres-300x127.jpg 300w, https:\/\/www.olidengrau.com\/wp-content\/uploads\/2021\/03\/vinas-trabajo-manual-vino-ecologico-celler-can-torres-768x325.jpg 768w, https:\/\/www.olidengrau.com\/wp-content\/uploads\/2021\/03\/vinas-trabajo-manual-vino-ecologico-celler-can-torres-1536x650.jpg 1536w, https:\/\/www.olidengrau.com\/wp-content\/uploads\/2021\/03\/vinas-trabajo-manual-vino-ecologico-celler-can-torres.jpg 2000w\" sizes=\"auto, (max-width: 1024px) 100vw, 1024px\" \/><\/figure><\/div>\n\n<div class=\"wp-block-column is-layout-flow wp-block-column-is-layout-flow\"><p>Nous pr\u00e9servons et prot\u00e9geons ce terroir, notre h\u00e9ritage. Nous prenons soin des vieilles vignes, nous plantons de petites parcelles en vue de nouveaux projets et nous faisons du vin dans l\u2019objectif de mettre en valeur notre propri\u00e9t\u00e9 et d\u2019en am\u00e9liorer le paysage et la biodiversit\u00e9.<\/p>\n\n<p>Nous travaillons des c\u00e9pages de <strong>Grenache blanc, gris et noir; nos vins sont des vins naturels et biologiques certifi\u00e9s<\/strong>.<\/p>\n\n<p>Nous avons pass\u00e9 des accords de collaboration avec des organisations \u00e9cologistes et de surveillance du territoire, des \u00e9leveurs et des associations, afin de pr\u00e9server et de prot\u00e9ger l&rsquo;espace naturel et la culture de la biodiversit\u00e9 et de r\u00e9cup\u00e9rer le patrimoine de paysages.<\/p>\n\n<div class=\"wp-block-buttons btn-full is-layout-flex wp-block-buttons-is-layout-flex\"><div class=\"wp-block-button\"><a class=\"wp-block-button__link no-border-radius\" href=\"http:\/\/cellerlagutina.com\/fr\/el-celler\/\" target=\"_blank\" rel=\"noreferrer noopener\">D\u00e9couvrez nos vins <\/a><\/div><\/div><\/div><\/div><hr class=\"wp-block-separator is-style-wide\"\/><div class=\"wp-block-columns foto-dreta is-layout-flex wp-container-core-columns-is-layout-3 wp-block-columns-is-layout-flex\"><div class=\"wp-block-column is-layout-flow wp-block-column-is-layout-flow\"><p>Pour vous permettre de d\u00e9couvrir notre travail et notre propri\u00e9t\u00e9, nous avons restaur\u00e9 une petite maison pour en faire un <strong>g\u00eete rural<\/strong>, nous avons signalis\u00e9 un itin\u00e9raire de promenade sur notre territoire et nous organisons des <strong>activit\u00e9s \u0153notouristiques<\/strong>. Nous serions ravis de vous y accueillir et de vous faire conna\u00eetre et go\u00fbter nos vins.<\/p>\n\n<div class=\"wp-block-buttons btn-full is-layout-flex wp-block-buttons-is-layout-flex\"><div class=\"wp-block-button\"><a class=\"wp-block-button__link no-border-radius\" href=\"http:\/\/cellerlagutina.com\/fr\/casa-rural-celler-la-gutina\/\" target=\"_blank\" rel=\"noreferrer noopener\">Visitez notre g\u00eete rural<\/a><\/div><\/div><\/div>\n\n<div class=\"wp-block-column is-layout-flow wp-block-column-is-layout-flow\"><figure class=\"wp-block-image size-large\"><img loading=\"lazy\" decoding=\"async\" width=\"1024\" height=\"434\" src=\"https:\/\/www.olidengrau.com\/wp-content\/uploads\/2021\/03\/tranquilidad-turismo-rural-emporda-celler-can-torres-1024x434.jpg\" alt=\"\" class=\"wp-image-304\" srcset=\"https:\/\/www.olidengrau.com\/wp-content\/uploads\/2021\/03\/tranquilidad-turismo-rural-emporda-celler-can-torres-1024x434.jpg 1024w, https:\/\/www.olidengrau.com\/wp-content\/uploads\/2021\/03\/tranquilidad-turismo-rural-emporda-celler-can-torres-900x381.jpg 900w, https:\/\/www.olidengrau.com\/wp-content\/uploads\/2021\/03\/tranquilidad-turismo-rural-emporda-celler-can-torres-300x127.jpg 300w, https:\/\/www.olidengrau.com\/wp-content\/uploads\/2021\/03\/tranquilidad-turismo-rural-emporda-celler-can-torres-768x325.jpg 768w, https:\/\/www.olidengrau.com\/wp-content\/uploads\/2021\/03\/tranquilidad-turismo-rural-emporda-celler-can-torres-1536x650.jpg 1536w, https:\/\/www.olidengrau.com\/wp-content\/uploads\/2021\/03\/tranquilidad-turismo-rural-emporda-celler-can-torres.jpg 2000w\" sizes=\"auto, (max-width: 1024px) 100vw, 1024px\" \/><\/figure><\/div><\/div>","protected":false},"excerpt":{"rendered":"<p>Vins et paysage L\u2019oli d\u2019en Grau est un produit n\u00e9 \u00e0 La Gutina Bienvenue chez Barbara et Joan Carles Torres.&#13; Notre cave se trouve dans les Aspres des Alb\u00e8res, sur une propri\u00e9t\u00e9 de 80 hectares de vignes, de champs, d\u2019oliveraies et de bois de ch\u00eanes-li\u00e8ges, dans un paysage m\u00e9diterran\u00e9en caract\u00e9ris\u00e9 par les formations granitiques, la &#8230; <a title=\"celler La Gutina\" class=\"read-more\" href=\"https:\/\/www.olidengrau.com\/fr\/celler-la-gutina\" aria-label=\"En savoir plus sur celler La Gutina\">Lire plus<\/a><\/p>\n","protected":false},"author":2,"featured_media":316,"parent":0,"menu_order":0,"comment_status":"closed","ping_status":"closed","template":"","meta":{"_acf_changed":false,"footnotes":""},"class_list":["post-783","page","type-page","status-publish","has-post-thumbnail"],"acf":[],"yoast_head":"<!-- This site is optimized with the Yoast SEO plugin v26.6 - https:\/\/yoast.com\/wordpress\/plugins\/seo\/ -->\n<title>celler La Gutina - Oli d&#039;en Grau<\/title>\n<meta name=\"robots\" content=\"index, follow, max-snippet:-1, max-image-preview:large, max-video-preview:-1\" \/>\n<link rel=\"canonical\" href=\"https:\/\/www.olidengrau.com\/fr\/celler-la-gutina\" \/>\n<meta property=\"og:locale\" content=\"fr_FR\" \/>\n<meta property=\"og:type\" content=\"article\" \/>\n<meta property=\"og:title\" content=\"celler La Gutina - Oli d&#039;en Grau\" \/>\n<meta property=\"og:description\" content=\"Vins et paysage L\u2019oli d\u2019en Grau est un produit n\u00e9 \u00e0 La Gutina Bienvenue chez Barbara et Joan Carles Torres.&#013; Notre cave se trouve dans les Aspres des Alb\u00e8res, sur une propri\u00e9t\u00e9 de 80 hectares de vignes, de champs, d\u2019oliveraies et de bois de ch\u00eanes-li\u00e8ges, dans un paysage m\u00e9diterran\u00e9en caract\u00e9ris\u00e9 par les formations granitiques, la ... Lire plus\" \/>\n<meta property=\"og:url\" content=\"https:\/\/www.olidengrau.com\/fr\/celler-la-gutina\" \/>\n<meta property=\"og:site_name\" content=\"Oli d&#039;en Grau\" \/>\n<meta property=\"article:modified_time\" content=\"2021-11-12T12:33:51+00:00\" \/>\n<meta property=\"og:image\" content=\"https:\/\/www.olidengrau.com\/wp-content\/uploads\/2021\/03\/vinas-viejas-winelover-vino-ecologico-celler-can-torres.jpg\" \/>\n\t<meta property=\"og:image:width\" content=\"2000\" \/>\n\t<meta property=\"og:image:height\" content=\"847\" \/>\n\t<meta property=\"og:image:type\" content=\"image\/jpeg\" \/>\n<meta name=\"twitter:card\" content=\"summary_large_image\" \/>\n<meta name=\"twitter:label1\" content=\"Dur\u00e9e de lecture estim\u00e9e\" \/>\n\t<meta name=\"twitter:data1\" content=\"1 minute\" \/>\n<script type=\"application\/ld+json\" class=\"yoast-schema-graph\">{\"@context\":\"https:\/\/schema.org\",\"@graph\":[{\"@type\":\"WebPage\",\"@id\":\"https:\/\/www.olidengrau.com\/fr\/celler-la-gutina\",\"url\":\"https:\/\/www.olidengrau.com\/fr\/celler-la-gutina\",\"name\":\"celler La Gutina - Oli d&#039;en Grau\",\"isPartOf\":{\"@id\":\"https:\/\/www.olidengrau.com\/fr#website\"},\"primaryImageOfPage\":{\"@id\":\"https:\/\/www.olidengrau.com\/fr\/celler-la-gutina#primaryimage\"},\"image\":{\"@id\":\"https:\/\/www.olidengrau.com\/fr\/celler-la-gutina#primaryimage\"},\"thumbnailUrl\":\"https:\/\/www.olidengrau.com\/wp-content\/uploads\/2021\/03\/vinas-viejas-winelover-vino-ecologico-celler-can-torres.jpg\",\"datePublished\":\"2021-03-15T15:26:05+00:00\",\"dateModified\":\"2021-11-12T12:33:51+00:00\",\"breadcrumb\":{\"@id\":\"https:\/\/www.olidengrau.com\/fr\/celler-la-gutina#breadcrumb\"},\"inLanguage\":\"fr-FR\",\"potentialAction\":[{\"@type\":\"ReadAction\",\"target\":[\"https:\/\/www.olidengrau.com\/fr\/celler-la-gutina\"]}]},{\"@type\":\"ImageObject\",\"inLanguage\":\"fr-FR\",\"@id\":\"https:\/\/www.olidengrau.com\/fr\/celler-la-gutina#primaryimage\",\"url\":\"https:\/\/www.olidengrau.com\/wp-content\/uploads\/2021\/03\/vinas-viejas-winelover-vino-ecologico-celler-can-torres.jpg\",\"contentUrl\":\"https:\/\/www.olidengrau.com\/wp-content\/uploads\/2021\/03\/vinas-viejas-winelover-vino-ecologico-celler-can-torres.jpg\",\"width\":2000,\"height\":847},{\"@type\":\"BreadcrumbList\",\"@id\":\"https:\/\/www.olidengrau.com\/fr\/celler-la-gutina#breadcrumb\",\"itemListElement\":[{\"@type\":\"ListItem\",\"position\":1,\"name\":\"Inici\",\"item\":\"https:\/\/www.olidengrau.com\/fr\"},{\"@type\":\"ListItem\",\"position\":2,\"name\":\"celler La Gutina\"}]},{\"@type\":\"WebSite\",\"@id\":\"https:\/\/www.olidengrau.com\/fr#website\",\"url\":\"https:\/\/www.olidengrau.com\/fr\",\"name\":\"Oli d&#039;en Grau\",\"description\":\"Oli d&#039;oliva verge extra ecol\u00f2gic\",\"publisher\":{\"@id\":\"https:\/\/www.olidengrau.com\/fr#organization\"},\"potentialAction\":[{\"@type\":\"SearchAction\",\"target\":{\"@type\":\"EntryPoint\",\"urlTemplate\":\"https:\/\/www.olidengrau.com\/fr?s={search_term_string}\"},\"query-input\":{\"@type\":\"PropertyValueSpecification\",\"valueRequired\":true,\"valueName\":\"search_term_string\"}}],\"inLanguage\":\"fr-FR\"},{\"@type\":\"Organization\",\"@id\":\"https:\/\/www.olidengrau.com\/fr#organization\",\"name\":\"Oli d&#039;en Grau\",\"url\":\"https:\/\/www.olidengrau.com\/fr\",\"logo\":{\"@type\":\"ImageObject\",\"inLanguage\":\"fr-FR\",\"@id\":\"https:\/\/www.olidengrau.com\/fr#\/schema\/logo\/image\/\",\"url\":\"https:\/\/www.olidengrau.com\/wp-content\/uploads\/2021\/04\/Oli-den-grau.png\",\"contentUrl\":\"https:\/\/www.olidengrau.com\/wp-content\/uploads\/2021\/04\/Oli-den-grau.png\",\"width\":163,\"height\":25,\"caption\":\"Oli d&#039;en Grau\"},\"image\":{\"@id\":\"https:\/\/www.olidengrau.com\/fr#\/schema\/logo\/image\/\"}}]}<\/script>\n<!-- \/ Yoast SEO plugin. -->","yoast_head_json":{"title":"celler La Gutina - Oli d&#039;en Grau","robots":{"index":"index","follow":"follow","max-snippet":"max-snippet:-1","max-image-preview":"max-image-preview:large","max-video-preview":"max-video-preview:-1"},"canonical":"https:\/\/www.olidengrau.com\/fr\/celler-la-gutina","og_locale":"fr_FR","og_type":"article","og_title":"celler La Gutina - Oli d&#039;en Grau","og_description":"Vins et paysage L\u2019oli d\u2019en Grau est un produit n\u00e9 \u00e0 La Gutina Bienvenue chez Barbara et Joan Carles Torres.&#13; Notre cave se trouve dans les Aspres des Alb\u00e8res, sur une propri\u00e9t\u00e9 de 80 hectares de vignes, de champs, d\u2019oliveraies et de bois de ch\u00eanes-li\u00e8ges, dans un paysage m\u00e9diterran\u00e9en caract\u00e9ris\u00e9 par les formations granitiques, la ... Lire plus","og_url":"https:\/\/www.olidengrau.com\/fr\/celler-la-gutina","og_site_name":"Oli d&#039;en Grau","article_modified_time":"2021-11-12T12:33:51+00:00","og_image":[{"width":2000,"height":847,"url":"https:\/\/www.olidengrau.com\/wp-content\/uploads\/2021\/03\/vinas-viejas-winelover-vino-ecologico-celler-can-torres.jpg","type":"image\/jpeg"}],"twitter_card":"summary_large_image","twitter_misc":{"Dur\u00e9e de lecture estim\u00e9e":"1 minute"},"schema":{"@context":"https:\/\/schema.org","@graph":[{"@type":"WebPage","@id":"https:\/\/www.olidengrau.com\/fr\/celler-la-gutina","url":"https:\/\/www.olidengrau.com\/fr\/celler-la-gutina","name":"celler La Gutina - Oli d&#039;en Grau","isPartOf":{"@id":"https:\/\/www.olidengrau.com\/fr#website"},"primaryImageOfPage":{"@id":"https:\/\/www.olidengrau.com\/fr\/celler-la-gutina#primaryimage"},"image":{"@id":"https:\/\/www.olidengrau.com\/fr\/celler-la-gutina#primaryimage"},"thumbnailUrl":"https:\/\/www.olidengrau.com\/wp-content\/uploads\/2021\/03\/vinas-viejas-winelover-vino-ecologico-celler-can-torres.jpg","datePublished":"2021-03-15T15:26:05+00:00","dateModified":"2021-11-12T12:33:51+00:00","breadcrumb":{"@id":"https:\/\/www.olidengrau.com\/fr\/celler-la-gutina#breadcrumb"},"inLanguage":"fr-FR","potentialAction":[{"@type":"ReadAction","target":["https:\/\/www.olidengrau.com\/fr\/celler-la-gutina"]}]},{"@type":"ImageObject","inLanguage":"fr-FR","@id":"https:\/\/www.olidengrau.com\/fr\/celler-la-gutina#primaryimage","url":"https:\/\/www.olidengrau.com\/wp-content\/uploads\/2021\/03\/vinas-viejas-winelover-vino-ecologico-celler-can-torres.jpg","contentUrl":"https:\/\/www.olidengrau.com\/wp-content\/uploads\/2021\/03\/vinas-viejas-winelover-vino-ecologico-celler-can-torres.jpg","width":2000,"height":847},{"@type":"BreadcrumbList","@id":"https:\/\/www.olidengrau.com\/fr\/celler-la-gutina#breadcrumb","itemListElement":[{"@type":"ListItem","position":1,"name":"Inici","item":"https:\/\/www.olidengrau.com\/fr"},{"@type":"ListItem","position":2,"name":"celler La Gutina"}]},{"@type":"WebSite","@id":"https:\/\/www.olidengrau.com\/fr#website","url":"https:\/\/www.olidengrau.com\/fr","name":"Oli d&#039;en Grau","description":"Oli d&#039;oliva verge extra ecol\u00f2gic","publisher":{"@id":"https:\/\/www.olidengrau.com\/fr#organization"},"potentialAction":[{"@type":"SearchAction","target":{"@type":"EntryPoint","urlTemplate":"https:\/\/www.olidengrau.com\/fr?s={search_term_string}"},"query-input":{"@type":"PropertyValueSpecification","valueRequired":true,"valueName":"search_term_string"}}],"inLanguage":"fr-FR"},{"@type":"Organization","@id":"https:\/\/www.olidengrau.com\/fr#organization","name":"Oli d&#039;en Grau","url":"https:\/\/www.olidengrau.com\/fr","logo":{"@type":"ImageObject","inLanguage":"fr-FR","@id":"https:\/\/www.olidengrau.com\/fr#\/schema\/logo\/image\/","url":"https:\/\/www.olidengrau.com\/wp-content\/uploads\/2021\/04\/Oli-den-grau.png","contentUrl":"https:\/\/www.olidengrau.com\/wp-content\/uploads\/2021\/04\/Oli-den-grau.png","width":163,"height":25,"caption":"Oli d&#039;en Grau"},"image":{"@id":"https:\/\/www.olidengrau.com\/fr#\/schema\/logo\/image\/"}}]}},"_links":{"self":[{"href":"https:\/\/www.olidengrau.com\/fr\/wp-json\/wp\/v2\/pages\/783","targetHints":{"allow":["GET"]}}],"collection":[{"href":"https:\/\/www.olidengrau.com\/fr\/wp-json\/wp\/v2\/pages"}],"about":[{"href":"https:\/\/www.olidengrau.com\/fr\/wp-json\/wp\/v2\/types\/page"}],"author":[{"embeddable":true,"href":"https:\/\/www.olidengrau.com\/fr\/wp-json\/wp\/v2\/users\/2"}],"replies":[{"embeddable":true,"href":"https:\/\/www.olidengrau.com\/fr\/wp-json\/wp\/v2\/comments?post=783"}],"version-history":[{"count":9,"href":"https:\/\/www.olidengrau.com\/fr\/wp-json\/wp\/v2\/pages\/783\/revisions"}],"predecessor-version":[{"id":1070,"href":"https:\/\/www.olidengrau.com\/fr\/wp-json\/wp\/v2\/pages\/783\/revisions\/1070"}],"wp:featuredmedia":[{"embeddable":true,"href":"https:\/\/www.olidengrau.com\/fr\/wp-json\/wp\/v2\/media\/316"}],"wp:attachment":[{"href":"https:\/\/www.olidengrau.com\/fr\/wp-json\/wp\/v2\/media?parent=783"}],"curies":[{"name":"wp","href":"https:\/\/api.w.org\/{rel}","templated":true}]}}