{"id":840,"date":"2021-03-15T17:25:40","date_gmt":"2021-03-15T16:25:40","guid":{"rendered":"https:\/\/www.olidengrau.com\/notre-projet"},"modified":"2021-09-15T17:54:18","modified_gmt":"2021-09-15T15:54:18","slug":"notre-projet","status":"publish","type":"page","link":"https:\/\/www.olidengrau.com\/fr\/notre-projet","title":{"rendered":"Notre projet"},"content":{"rendered":"<h2 class=\"wp-block-heading\">Nous prenons soin de notre paysage et nous produisons une huile bio, belle et bonne<\/h2><figure class=\"wp-block-image size-full\"><img loading=\"lazy\" decoding=\"async\" width=\"2000\" height=\"1130\" src=\"https:\/\/www.olidengrau.com\/wp-content\/uploads\/2021\/03\/oli-den-grau-oliveres-velles.jpg\" alt=\"\" class=\"wp-image-346\" srcset=\"https:\/\/www.olidengrau.com\/wp-content\/uploads\/2021\/03\/oli-den-grau-oliveres-velles.jpg 2000w, https:\/\/www.olidengrau.com\/wp-content\/uploads\/2021\/03\/oli-den-grau-oliveres-velles-900x509.jpg 900w, https:\/\/www.olidengrau.com\/wp-content\/uploads\/2021\/03\/oli-den-grau-oliveres-velles-300x170.jpg 300w, https:\/\/www.olidengrau.com\/wp-content\/uploads\/2021\/03\/oli-den-grau-oliveres-velles-1024x579.jpg 1024w, https:\/\/www.olidengrau.com\/wp-content\/uploads\/2021\/03\/oli-den-grau-oliveres-velles-768x434.jpg 768w, https:\/\/www.olidengrau.com\/wp-content\/uploads\/2021\/03\/oli-den-grau-oliveres-velles-1536x868.jpg 1536w\" sizes=\"auto, (max-width: 2000px) 100vw, 2000px\" \/><\/figure><p class=\"has-medium-font-size\">Amoureux de notre terroir, le massif des Alb\u00e8res, nous ne pouvions pas laisser de vieux oliviers d\u2019Argudell au tronc noueux \u00eatre d\u00e9laiss\u00e9s par leurs propri\u00e9taires, presque tout aussi vieux, et qui ne pouvaient plus s\u2019en occuper. Notre objectif : revaloriser ce terroir et vous proposer un produit de qualit\u00e9 bon pour votre sant\u00e9.<\/p><hr class=\"wp-block-separator is-style-wide\"\/><p>Un lieu exceptionnel, une terre ancestrale sculpt\u00e9e par la tramontane, t\u00e9moin d\u2019une pr\u00e9sence humaine respectueuse qui a cr\u00e9\u00e9 au fil du temps un paysage harmonieux. Les vieux oliviers sont le reflet d\u2019un patrimoine de grande valeur que nous ne voulions pas voir dispara\u00eetre.<br\/><strong>Nous voulons une campagne vivante, nous voulons l\u2019habiter et la faire vivre.<\/strong><\/p><p><strong>Nous revendiquons les valeurs des cultures traditionnelles sur des terrains non irrigu\u00e9s.<br\/>Des cultures locales, durables, humaines.<\/strong><\/p><hr class=\"wp-block-separator is-style-wide\"\/><div class=\"wp-block-columns is-layout-flex wp-container-core-columns-is-layout-1 wp-block-columns-is-layout-flex\"><div class=\"wp-block-column is-layout-flow wp-block-column-is-layout-flow\"><p class=\"has-medium-font-size\"><strong>L\u2019Oli d\u2019en Grau est un projet jeune et familial.<\/strong><\/p>\n\n<p>Voici Joan Carles (au centre), Gerard, Aitor et Ot : p\u00e8re, fils et notre fid\u00e8le compagnon \u00e0 quatre pattes.<\/p>\n\n<p>Nous prenons soin de 6 hectares de vieilles oliveraies, qui constituent un \u00e9l\u00e9ment essentiel de notre paysage, et des histoires des familles qui en ont pris soin pendant des g\u00e9n\u00e9rations.<\/p>\n\n<p>Pour nous, rien ne vaut l\u2019<strong>Argudell<\/strong>, la vari\u00e9t\u00e9 autochtone de l\u2019Ampourdan. Sur nos terres, nous avons aussi plant\u00e9 &#13;\n3,5 hectares de jeunes oliviers d\u2019Argudell.&#13;\n<\/p>\n\n<p><em>Nous travaillons pour conserver et prot\u00e9ger un paysage \u00e0 la mosa\u00efque unique de vignes, bois et oliviers.<\/em><\/p>\n\n<p><em>Nous voulons lui insuffler notre dynamisme en pratiquant une agriculture \u00e9cologique, durable et respectueuse de l\u2019environnement, de sa biodiversit\u00e9 et de votre sant\u00e9.<\/em><\/p>\n\n<p><strong><em>Pour que vous ayez sur votre table une huile bio, extra vierge.<\/em><\/strong><\/p>\n\n<div style=\"height:20px\" aria-hidden=\"true\" class=\"wp-block-spacer\"><\/div>\n\n<h5 class=\"wp-block-heading\">NOTRE HUILE EST \u00c0 NOTRE IMAGE : AUTHENTIQUE<\/h5>\n\n<ul class=\"wp-block-list\"><li>Une jeune \u00e9quipe ayant ses racines dans le terroir<\/li><li>L\u2019amour de nos paysages<\/li><li>La vari\u00e9t\u00e9 autochtone Argudell<\/li><li>Un produit artisanal qui prend soin de la terre et de votre sant\u00e9<\/li><\/ul><\/div>\n\n<div class=\"wp-block-column is-layout-flow wp-block-column-is-layout-flow\"><figure class=\"wp-block-gallery columns-3 is-cropped wp-block-gallery-1 is-layout-flex wp-block-gallery-is-layout-flex\"><ul class=\"blocks-gallery-grid\"><li class=\"blocks-gallery-item\"><figure><img loading=\"lazy\" decoding=\"async\" width=\"800\" height=\"600\" src=\"https:\/\/www.olidengrau.com\/wp-content\/uploads\/2021\/03\/oli-den-grau-el-projecte-02.jpg\" alt=\"\" data-id=\"365\" data-full-url=\"https:\/\/www.olidengrau.com\/wp-content\/uploads\/2021\/03\/oli-den-grau-el-projecte-02.jpg\" data-link=\"https:\/\/www.olidengrau.com\/el-nostre-projecte\/oli-den-grau-el-projecte-02#main\" class=\"wp-image-367\" srcset=\"https:\/\/www.olidengrau.com\/wp-content\/uploads\/2021\/03\/oli-den-grau-el-projecte-02.jpg 800w, https:\/\/www.olidengrau.com\/wp-content\/uploads\/2021\/03\/oli-den-grau-el-projecte-02-300x225.jpg 300w, https:\/\/www.olidengrau.com\/wp-content\/uploads\/2021\/03\/oli-den-grau-el-projecte-02-768x576.jpg 768w, https:\/\/www.olidengrau.com\/wp-content\/uploads\/2021\/03\/oli-den-grau-el-projecte-02-600x450.jpg 600w\" sizes=\"auto, (max-width: 800px) 100vw, 800px\" \/><\/figure><\/li><li class=\"blocks-gallery-item\"><figure><img loading=\"lazy\" decoding=\"async\" width=\"1024\" height=\"682\" src=\"https:\/\/www.olidengrau.com\/wp-content\/uploads\/2021\/04\/slider-aitor-gerard-1024x682.jpg\" alt=\"\" data-id=\"592\" data-full-url=\"https:\/\/www.olidengrau.com\/wp-content\/uploads\/2021\/04\/slider-aitor-gerard.jpg\" data-link=\"https:\/\/www.olidengrau.com\/slider-aitor-gerard\" class=\"wp-image-594\" srcset=\"https:\/\/www.olidengrau.com\/wp-content\/uploads\/2021\/04\/slider-aitor-gerard-1024x682.jpg 1024w, https:\/\/www.olidengrau.com\/wp-content\/uploads\/2021\/04\/slider-aitor-gerard-300x200.jpg 300w, https:\/\/www.olidengrau.com\/wp-content\/uploads\/2021\/04\/slider-aitor-gerard-768x512.jpg 768w, https:\/\/www.olidengrau.com\/wp-content\/uploads\/2021\/04\/slider-aitor-gerard-1536x1024.jpg 1536w, https:\/\/www.olidengrau.com\/wp-content\/uploads\/2021\/04\/slider-aitor-gerard-900x600.jpg 900w, https:\/\/www.olidengrau.com\/wp-content\/uploads\/2021\/04\/slider-aitor-gerard.jpg 2000w\" sizes=\"auto, (max-width: 1024px) 100vw, 1024px\" \/><\/figure><\/li><li class=\"blocks-gallery-item\"><figure><img loading=\"lazy\" decoding=\"async\" width=\"800\" height=\"600\" src=\"https:\/\/www.olidengrau.com\/wp-content\/uploads\/2021\/03\/oli-den-grau-el-projecte-04.jpg\" alt=\"\" data-id=\"373\" data-full-url=\"https:\/\/www.olidengrau.com\/wp-content\/uploads\/2021\/03\/oli-den-grau-el-projecte-04.jpg\" data-link=\"https:\/\/www.olidengrau.com\/el-nostre-projecte\/oli-den-grau-el-projecte-04#main\" class=\"wp-image-375\" srcset=\"https:\/\/www.olidengrau.com\/wp-content\/uploads\/2021\/03\/oli-den-grau-el-projecte-04.jpg 800w, https:\/\/www.olidengrau.com\/wp-content\/uploads\/2021\/03\/oli-den-grau-el-projecte-04-300x225.jpg 300w, https:\/\/www.olidengrau.com\/wp-content\/uploads\/2021\/03\/oli-den-grau-el-projecte-04-768x576.jpg 768w, https:\/\/www.olidengrau.com\/wp-content\/uploads\/2021\/03\/oli-den-grau-el-projecte-04-600x450.jpg 600w\" sizes=\"auto, (max-width: 800px) 100vw, 800px\" \/><\/figure><\/li><li class=\"blocks-gallery-item\"><figure><img loading=\"lazy\" decoding=\"async\" width=\"800\" height=\"600\" src=\"https:\/\/www.olidengrau.com\/wp-content\/uploads\/2021\/03\/oli-den-grau-el-projecte-01.jpg\" alt=\"\" data-id=\"361\" data-full-url=\"https:\/\/www.olidengrau.com\/wp-content\/uploads\/2021\/03\/oli-den-grau-el-projecte-01.jpg\" data-link=\"https:\/\/www.olidengrau.com\/el-nostre-projecte\/oli-den-grau-el-projecte-01#main\" class=\"wp-image-363\" srcset=\"https:\/\/www.olidengrau.com\/wp-content\/uploads\/2021\/03\/oli-den-grau-el-projecte-01.jpg 800w, https:\/\/www.olidengrau.com\/wp-content\/uploads\/2021\/03\/oli-den-grau-el-projecte-01-300x225.jpg 300w, https:\/\/www.olidengrau.com\/wp-content\/uploads\/2021\/03\/oli-den-grau-el-projecte-01-768x576.jpg 768w, https:\/\/www.olidengrau.com\/wp-content\/uploads\/2021\/03\/oli-den-grau-el-projecte-01-600x450.jpg 600w\" sizes=\"auto, (max-width: 800px) 100vw, 800px\" \/><\/figure><\/li><\/ul><\/figure><\/div><\/div><hr class=\"wp-block-separator is-style-wide\"\/><figure class=\"wp-block-image size-full\"><img loading=\"lazy\" decoding=\"async\" width=\"2000\" height=\"922\" src=\"https:\/\/www.olidengrau.com\/wp-content\/uploads\/2021\/03\/oli-den-grau-oliveres-noves.jpg\" alt=\"\" class=\"wp-image-350\" srcset=\"https:\/\/www.olidengrau.com\/wp-content\/uploads\/2021\/03\/oli-den-grau-oliveres-noves.jpg 2000w, https:\/\/www.olidengrau.com\/wp-content\/uploads\/2021\/03\/oli-den-grau-oliveres-noves-900x415.jpg 900w, https:\/\/www.olidengrau.com\/wp-content\/uploads\/2021\/03\/oli-den-grau-oliveres-noves-300x138.jpg 300w, https:\/\/www.olidengrau.com\/wp-content\/uploads\/2021\/03\/oli-den-grau-oliveres-noves-1024x472.jpg 1024w, https:\/\/www.olidengrau.com\/wp-content\/uploads\/2021\/03\/oli-den-grau-oliveres-noves-768x354.jpg 768w, https:\/\/www.olidengrau.com\/wp-content\/uploads\/2021\/03\/oli-den-grau-oliveres-noves-1536x708.jpg 1536w\" sizes=\"auto, (max-width: 2000px) 100vw, 2000px\" \/><\/figure>","protected":false},"excerpt":{"rendered":"<p>Nous prenons soin de notre paysage et nous produisons une huile bio, belle et bonne Amoureux de notre terroir, le massif des Alb\u00e8res, nous ne pouvions pas laisser de vieux oliviers d\u2019Argudell au tronc noueux \u00eatre d\u00e9laiss\u00e9s par leurs propri\u00e9taires, presque tout aussi vieux, et qui ne pouvaient plus s\u2019en occuper. Notre objectif : revaloriser &#8230; <a title=\"Notre projet\" class=\"read-more\" href=\"https:\/\/www.olidengrau.com\/fr\/notre-projet\" aria-label=\"En savoir plus sur Notre projet\">Lire plus<\/a><\/p>\n","protected":false},"author":2,"featured_media":582,"parent":0,"menu_order":0,"comment_status":"closed","ping_status":"closed","template":"","meta":{"_acf_changed":false,"footnotes":""},"class_list":["post-840","page","type-page","status-publish","has-post-thumbnail"],"acf":[],"yoast_head":"<!-- This site is optimized with the Yoast SEO plugin v26.6 - https:\/\/yoast.com\/wordpress\/plugins\/seo\/ -->\n<title>Notre projet - Oli d&#039;en Grau<\/title>\n<meta name=\"robots\" content=\"index, follow, max-snippet:-1, max-image-preview:large, max-video-preview:-1\" \/>\n<link rel=\"canonical\" href=\"https:\/\/www.olidengrau.com\/fr\/notre-projet\" \/>\n<meta property=\"og:locale\" content=\"fr_FR\" \/>\n<meta property=\"og:type\" content=\"article\" \/>\n<meta property=\"og:title\" content=\"Notre projet - Oli d&#039;en Grau\" \/>\n<meta property=\"og:description\" content=\"Nous prenons soin de notre paysage et nous produisons une huile bio, belle et bonne Amoureux de notre terroir, le massif des Alb\u00e8res, nous ne pouvions pas laisser de vieux oliviers d\u2019Argudell au tronc noueux \u00eatre d\u00e9laiss\u00e9s par leurs propri\u00e9taires, presque tout aussi vieux, et qui ne pouvaient plus s\u2019en occuper. Notre objectif : revaloriser ... Lire plus\" \/>\n<meta property=\"og:url\" content=\"https:\/\/www.olidengrau.com\/fr\/notre-projet\" \/>\n<meta property=\"og:site_name\" content=\"Oli d&#039;en Grau\" \/>\n<meta property=\"article:modified_time\" content=\"2021-09-15T15:54:18+00:00\" \/>\n<meta property=\"og:image\" content=\"https:\/\/www.olidengrau.com\/wp-content\/uploads\/2021\/04\/slider-olives-verdes.jpg\" \/>\n\t<meta property=\"og:image:width\" content=\"2000\" \/>\n\t<meta property=\"og:image:height\" content=\"836\" \/>\n\t<meta property=\"og:image:type\" content=\"image\/jpeg\" \/>\n<meta name=\"twitter:card\" content=\"summary_large_image\" \/>\n<meta name=\"twitter:label1\" content=\"Dur\u00e9e de lecture estim\u00e9e\" \/>\n\t<meta name=\"twitter:data1\" content=\"2 minutes\" \/>\n<script type=\"application\/ld+json\" class=\"yoast-schema-graph\">{\"@context\":\"https:\/\/schema.org\",\"@graph\":[{\"@type\":\"WebPage\",\"@id\":\"https:\/\/www.olidengrau.com\/fr\/notre-projet\",\"url\":\"https:\/\/www.olidengrau.com\/fr\/notre-projet\",\"name\":\"Notre projet - Oli d&#039;en Grau\",\"isPartOf\":{\"@id\":\"https:\/\/www.olidengrau.com\/fr#website\"},\"primaryImageOfPage\":{\"@id\":\"https:\/\/www.olidengrau.com\/fr\/notre-projet#primaryimage\"},\"image\":{\"@id\":\"https:\/\/www.olidengrau.com\/fr\/notre-projet#primaryimage\"},\"thumbnailUrl\":\"https:\/\/www.olidengrau.com\/wp-content\/uploads\/2021\/04\/slider-olives-verdes.jpg\",\"datePublished\":\"2021-03-15T16:25:40+00:00\",\"dateModified\":\"2021-09-15T15:54:18+00:00\",\"breadcrumb\":{\"@id\":\"https:\/\/www.olidengrau.com\/fr\/notre-projet#breadcrumb\"},\"inLanguage\":\"fr-FR\",\"potentialAction\":[{\"@type\":\"ReadAction\",\"target\":[\"https:\/\/www.olidengrau.com\/fr\/notre-projet\"]}]},{\"@type\":\"ImageObject\",\"inLanguage\":\"fr-FR\",\"@id\":\"https:\/\/www.olidengrau.com\/fr\/notre-projet#primaryimage\",\"url\":\"https:\/\/www.olidengrau.com\/wp-content\/uploads\/2021\/04\/slider-olives-verdes.jpg\",\"contentUrl\":\"https:\/\/www.olidengrau.com\/wp-content\/uploads\/2021\/04\/slider-olives-verdes.jpg\",\"width\":2000,\"height\":836},{\"@type\":\"BreadcrumbList\",\"@id\":\"https:\/\/www.olidengrau.com\/fr\/notre-projet#breadcrumb\",\"itemListElement\":[{\"@type\":\"ListItem\",\"position\":1,\"name\":\"Inici\",\"item\":\"https:\/\/www.olidengrau.com\/fr\"},{\"@type\":\"ListItem\",\"position\":2,\"name\":\"Notre projet\"}]},{\"@type\":\"WebSite\",\"@id\":\"https:\/\/www.olidengrau.com\/fr#website\",\"url\":\"https:\/\/www.olidengrau.com\/fr\",\"name\":\"Oli d&#039;en Grau\",\"description\":\"Oli d&#039;oliva verge extra ecol\u00f2gic\",\"publisher\":{\"@id\":\"https:\/\/www.olidengrau.com\/fr#organization\"},\"potentialAction\":[{\"@type\":\"SearchAction\",\"target\":{\"@type\":\"EntryPoint\",\"urlTemplate\":\"https:\/\/www.olidengrau.com\/fr?s={search_term_string}\"},\"query-input\":{\"@type\":\"PropertyValueSpecification\",\"valueRequired\":true,\"valueName\":\"search_term_string\"}}],\"inLanguage\":\"fr-FR\"},{\"@type\":\"Organization\",\"@id\":\"https:\/\/www.olidengrau.com\/fr#organization\",\"name\":\"Oli d&#039;en Grau\",\"url\":\"https:\/\/www.olidengrau.com\/fr\",\"logo\":{\"@type\":\"ImageObject\",\"inLanguage\":\"fr-FR\",\"@id\":\"https:\/\/www.olidengrau.com\/fr#\/schema\/logo\/image\/\",\"url\":\"https:\/\/www.olidengrau.com\/wp-content\/uploads\/2021\/04\/Oli-den-grau.png\",\"contentUrl\":\"https:\/\/www.olidengrau.com\/wp-content\/uploads\/2021\/04\/Oli-den-grau.png\",\"width\":163,\"height\":25,\"caption\":\"Oli d&#039;en Grau\"},\"image\":{\"@id\":\"https:\/\/www.olidengrau.com\/fr#\/schema\/logo\/image\/\"}}]}<\/script>\n<!-- \/ Yoast SEO plugin. -->","yoast_head_json":{"title":"Notre projet - Oli d&#039;en Grau","robots":{"index":"index","follow":"follow","max-snippet":"max-snippet:-1","max-image-preview":"max-image-preview:large","max-video-preview":"max-video-preview:-1"},"canonical":"https:\/\/www.olidengrau.com\/fr\/notre-projet","og_locale":"fr_FR","og_type":"article","og_title":"Notre projet - Oli d&#039;en Grau","og_description":"Nous prenons soin de notre paysage et nous produisons une huile bio, belle et bonne Amoureux de notre terroir, le massif des Alb\u00e8res, nous ne pouvions pas laisser de vieux oliviers d\u2019Argudell au tronc noueux \u00eatre d\u00e9laiss\u00e9s par leurs propri\u00e9taires, presque tout aussi vieux, et qui ne pouvaient plus s\u2019en occuper. Notre objectif : revaloriser ... Lire plus","og_url":"https:\/\/www.olidengrau.com\/fr\/notre-projet","og_site_name":"Oli d&#039;en Grau","article_modified_time":"2021-09-15T15:54:18+00:00","og_image":[{"width":2000,"height":836,"url":"https:\/\/www.olidengrau.com\/wp-content\/uploads\/2021\/04\/slider-olives-verdes.jpg","type":"image\/jpeg"}],"twitter_card":"summary_large_image","twitter_misc":{"Dur\u00e9e de lecture estim\u00e9e":"2 minutes"},"schema":{"@context":"https:\/\/schema.org","@graph":[{"@type":"WebPage","@id":"https:\/\/www.olidengrau.com\/fr\/notre-projet","url":"https:\/\/www.olidengrau.com\/fr\/notre-projet","name":"Notre projet - Oli d&#039;en Grau","isPartOf":{"@id":"https:\/\/www.olidengrau.com\/fr#website"},"primaryImageOfPage":{"@id":"https:\/\/www.olidengrau.com\/fr\/notre-projet#primaryimage"},"image":{"@id":"https:\/\/www.olidengrau.com\/fr\/notre-projet#primaryimage"},"thumbnailUrl":"https:\/\/www.olidengrau.com\/wp-content\/uploads\/2021\/04\/slider-olives-verdes.jpg","datePublished":"2021-03-15T16:25:40+00:00","dateModified":"2021-09-15T15:54:18+00:00","breadcrumb":{"@id":"https:\/\/www.olidengrau.com\/fr\/notre-projet#breadcrumb"},"inLanguage":"fr-FR","potentialAction":[{"@type":"ReadAction","target":["https:\/\/www.olidengrau.com\/fr\/notre-projet"]}]},{"@type":"ImageObject","inLanguage":"fr-FR","@id":"https:\/\/www.olidengrau.com\/fr\/notre-projet#primaryimage","url":"https:\/\/www.olidengrau.com\/wp-content\/uploads\/2021\/04\/slider-olives-verdes.jpg","contentUrl":"https:\/\/www.olidengrau.com\/wp-content\/uploads\/2021\/04\/slider-olives-verdes.jpg","width":2000,"height":836},{"@type":"BreadcrumbList","@id":"https:\/\/www.olidengrau.com\/fr\/notre-projet#breadcrumb","itemListElement":[{"@type":"ListItem","position":1,"name":"Inici","item":"https:\/\/www.olidengrau.com\/fr"},{"@type":"ListItem","position":2,"name":"Notre projet"}]},{"@type":"WebSite","@id":"https:\/\/www.olidengrau.com\/fr#website","url":"https:\/\/www.olidengrau.com\/fr","name":"Oli d&#039;en Grau","description":"Oli d&#039;oliva verge extra ecol\u00f2gic","publisher":{"@id":"https:\/\/www.olidengrau.com\/fr#organization"},"potentialAction":[{"@type":"SearchAction","target":{"@type":"EntryPoint","urlTemplate":"https:\/\/www.olidengrau.com\/fr?s={search_term_string}"},"query-input":{"@type":"PropertyValueSpecification","valueRequired":true,"valueName":"search_term_string"}}],"inLanguage":"fr-FR"},{"@type":"Organization","@id":"https:\/\/www.olidengrau.com\/fr#organization","name":"Oli d&#039;en Grau","url":"https:\/\/www.olidengrau.com\/fr","logo":{"@type":"ImageObject","inLanguage":"fr-FR","@id":"https:\/\/www.olidengrau.com\/fr#\/schema\/logo\/image\/","url":"https:\/\/www.olidengrau.com\/wp-content\/uploads\/2021\/04\/Oli-den-grau.png","contentUrl":"https:\/\/www.olidengrau.com\/wp-content\/uploads\/2021\/04\/Oli-den-grau.png","width":163,"height":25,"caption":"Oli d&#039;en Grau"},"image":{"@id":"https:\/\/www.olidengrau.com\/fr#\/schema\/logo\/image\/"}}]}},"_links":{"self":[{"href":"https:\/\/www.olidengrau.com\/fr\/wp-json\/wp\/v2\/pages\/840","targetHints":{"allow":["GET"]}}],"collection":[{"href":"https:\/\/www.olidengrau.com\/fr\/wp-json\/wp\/v2\/pages"}],"about":[{"href":"https:\/\/www.olidengrau.com\/fr\/wp-json\/wp\/v2\/types\/page"}],"author":[{"embeddable":true,"href":"https:\/\/www.olidengrau.com\/fr\/wp-json\/wp\/v2\/users\/2"}],"replies":[{"embeddable":true,"href":"https:\/\/www.olidengrau.com\/fr\/wp-json\/wp\/v2\/comments?post=840"}],"version-history":[{"count":7,"href":"https:\/\/www.olidengrau.com\/fr\/wp-json\/wp\/v2\/pages\/840\/revisions"}],"predecessor-version":[{"id":976,"href":"https:\/\/www.olidengrau.com\/fr\/wp-json\/wp\/v2\/pages\/840\/revisions\/976"}],"wp:featuredmedia":[{"embeddable":true,"href":"https:\/\/www.olidengrau.com\/fr\/wp-json\/wp\/v2\/media\/582"}],"wp:attachment":[{"href":"https:\/\/www.olidengrau.com\/fr\/wp-json\/wp\/v2\/media?parent=840"}],"curies":[{"name":"wp","href":"https:\/\/api.w.org\/{rel}","templated":true}]}}